{"id":146,"date":"2022-10-05T15:30:24","date_gmt":"2022-10-05T15:30:24","guid":{"rendered":"https:\/\/pellizzer-partners.com\/?page_id=146"},"modified":"2024-07-10T13:47:35","modified_gmt":"2024-07-10T13:47:35","slug":"consulenza-internazionale","status":"publish","type":"page","link":"https:\/\/pellizzer-partners.com\/de\/dienstleistungen\/internationale-beratung\/","title":{"rendered":"Internationale Beratung"},"content":{"rendered":"<p><div class=\"fusion-fullwidth fullwidth-box fusion-builder-row-1 fusion-flex-container nonhundred-percent-fullwidth non-hundred-percent-height-scrolling fusion-animated\" style=\"background-color: rgba(255,255,255,0);background-position: center center;background-repeat: no-repeat;border-width: 0px 0px 0px 0px;border-color:#e2e2e2;border-style:solid;\" data-animationtype=\"fadeIn\" data-animationduration=\"0.7\" data-animationoffset=\"top-into-view\" ><div class=\"fusion-builder-row fusion-row fusion-flex-align-items-stretch\" style=\"max-width:1248px;margin-left: calc(-4% \/ 2 );margin-right: calc(-4% \/ 2 );\"><div class=\"fusion-layout-column fusion_builder_column fusion-builder-column-0 fusion_builder_column_1_2 1_2 fusion-flex-column\"><div class=\"fusion-column-wrapper fusion-flex-justify-content-center fusion-content-layout-column\" style=\"background-position:left top;background-repeat:no-repeat;-webkit-background-size:cover;-moz-background-size:cover;-o-background-size:cover;background-size:cover;padding: 80px 0px 80px 0px;\"><style type=\"text\/css\">@media only screen and (max-width:1024px) {.fusion-title.fusion-title-1{margin-top:10px!important; margin-right:0px!important;margin-bottom:15px!important;margin-left:0px!important;}}@media only screen and (max-width:640px) {.fusion-title.fusion-title-1{margin-top:10px!important; margin-right:0px!important;margin-bottom:10px!important; margin-left:0px!important;}}<\/style><div class=\"fusion-title title fusion-title-1 fusion-sep-none fusion-title-text fusion-title-size-one\" style=\"margin-top:10px;margin-right:0px;margin-bottom:15px;margin-left:0px;\"><h1 class=\"title-heading-left\" style=\"margin:0;\">Internationalisierung ist eine Notwendigkeit f\u00fcr das heutige Gesch\u00e4ft<\/h1><\/div><div class=\"fusion-text fusion-text-1\" style=\"font-size:var(--awb-typography4-font-size);line-height:var(--awb-typography4-line-height);letter-spacing:var(--awb-typography4-letter-spacing);text-transform:var(--awb-typography4-text-transform);font-family:var(--awb-typography4-font-family);font-weight:var(--awb-typography4-font-weight);font-style:var(--awb-typography4-font-style);\"><p>Unternehmen, von den kleinsten bis zu den gr\u00f6\u00dften, sind gezwungen, in zunehmend internationalen Kontexten zu agieren. Die langj\u00e4hrige Erfahrung des Gr\u00fcndungsmitglieds im Vorstand der Internationalen Vereinigung IAG (International Association of Lawyers and Accountants) erm\u00f6glichte es ihm, Beratungserfahrung in verschiedenen ausl\u00e4ndischen L\u00e4ndern zu sammeln und eine effektive Zusammenarbeit mit qualifizierten professionellen Anwalts- und Wirtschaftspr\u00fcfungskanzleien aufzubauen in \u00fcber 60 L\u00e4ndern im Ausland.<\/p>\n<\/div><\/div><style type=\"text\/css\">.fusion-body .fusion-builder-column-0{width:50% !important;margin-top : 0px;margin-bottom : 20px;}.fusion-builder-column-0 > .fusion-column-wrapper {padding-top : 80px !important;padding-right : 0px !important;margin-right : 3.84%;padding-bottom : 80px !important;padding-left : 0px !important;margin-left : 3.84%;}@media only screen and (max-width:1024px) {.fusion-body .fusion-builder-column-0{width:50% !important;order : 0;}.fusion-builder-column-0 > .fusion-column-wrapper {margin-right : 3.84%;margin-left : 3.84%;}}@media only screen and (max-width:640px) {.fusion-body .fusion-builder-column-0{width:100% !important;order : 0;}.fusion-builder-column-0 > .fusion-column-wrapper {padding-top : 0 !important;margin-right : 1.92%;padding-bottom : 0 !important;margin-left : 1.92%;}}<\/style><\/div><div class=\"fusion-layout-column fusion_builder_column fusion-builder-column-1 fusion_builder_column_1_2 1_2 fusion-flex-column\"><div class=\"fusion-column-wrapper fusion-flex-justify-content-flex-start fusion-content-layout-column fusion-empty-column-bg-image\" style=\"background-image: url(&#039;https:\/\/pellizzer-partners.com\/wp-content\/uploads\/2022\/10\/24.jpg&#039;);background-position:left top;background-repeat:no-repeat;-webkit-background-size:cover;-moz-background-size:cover;-o-background-size:cover;background-size:cover;padding: 0px 0px 0px 0px;\" data-bg-url=\"https:\/\/pellizzer-partners.com\/wp-content\/uploads\/2022\/10\/24.jpg\"><img decoding=\"async\" class=\"fusion-empty-dims-img-placeholder fusion-no-large-visibility fusion-no-medium-visibility\" src=\"data:image\/svg+xml,%3Csvg%20xmlns%3D%27http%3A%2F%2Fwww.w3.org%2F2000%2Fsvg%27%20width%3D%271161%27%20height%3D%27800%27%20viewBox%3D%270%200%201161%20800%27%3E%3Crect%20width%3D%271161%27%20height%3D%27800%27%20fill-opacity%3D%220%22%2F%3E%3C%2Fsvg%3E\"><\/div><style type=\"text\/css\">.fusion-body .fusion-builder-column-1{width:50% !important;margin-top : 0px;margin-bottom : 0px;}.fusion-builder-column-1 > .fusion-column-wrapper {padding-top : 0 !important;padding-right : 0 !important;margin-right : 0;padding-bottom : 0 !important;padding-left : 0 !important;margin-left : 0;}@media only screen and (max-width:1024px) {.fusion-body .fusion-builder-column-1{width:50% !important;order : 0;}.fusion-builder-column-1 > .fusion-column-wrapper {margin-right : 0;margin-left : 0;}}@media only screen and (max-width:640px) {.fusion-body .fusion-builder-column-1{width:100% !important;order : 0;}.fusion-builder-column-1 > .fusion-column-wrapper {margin-right : 1.92%;margin-left : 1.92%;}}<\/style><\/div><\/div><style type=\"text\/css\">.fusion-body .fusion-flex-container.fusion-builder-row-1{ padding-top : 0px;margin-top : 0;padding-right : 0px;padding-bottom : 0px;margin-bottom : 0px;padding-left : 0px;}<\/style><\/div><div class=\"fusion-fullwidth fullwidth-box fusion-builder-row-2 fusion-flex-container nonhundred-percent-fullwidth non-hundred-percent-height-scrolling fusion-animated\" style=\"background-color: rgba(255,255,255,0);background-position: center center;background-repeat: no-repeat;border-width: 0px 0px 0px 0px;border-color:#e2e2e2;border-style:solid;\" data-animationtype=\"fadeIn\" data-animationduration=\"0.7\" data-animationoffset=\"top-into-view\" ><div class=\"fusion-builder-row fusion-row fusion-flex-align-items-stretch\" style=\"max-width:1248px;margin-left: calc(-4% \/ 2 );margin-right: calc(-4% \/ 2 );\"><div class=\"fusion-layout-column fusion_builder_column fusion-builder-column-2 fusion_builder_column_1_2 1_2 fusion-flex-column\"><div class=\"fusion-column-wrapper fusion-flex-justify-content-flex-start fusion-content-layout-column fusion-empty-column-bg-image\" style=\"background-image: url(&#039;https:\/\/pellizzer-partners.com\/wp-content\/uploads\/2022\/11\/03.jpg&#039;);background-position:right center;background-repeat:no-repeat;-webkit-background-size:cover;-moz-background-size:cover;-o-background-size:cover;background-size:cover;padding: 0px 0px 0px 0px;\" data-bg-url=\"https:\/\/pellizzer-partners.com\/wp-content\/uploads\/2022\/11\/03.jpg\"><img decoding=\"async\" class=\"fusion-empty-dims-img-placeholder fusion-no-large-visibility fusion-no-medium-visibility\" src=\"data:image\/svg+xml,%3Csvg%20xmlns%3D%27http%3A%2F%2Fwww.w3.org%2F2000%2Fsvg%27%20width%3D%271200%27%20height%3D%27800%27%20viewBox%3D%270%200%201200%20800%27%3E%3Crect%20width%3D%271200%27%20height%3D%27800%27%20fill-opacity%3D%220%22%2F%3E%3C%2Fsvg%3E\"><\/div><style type=\"text\/css\">.fusion-body .fusion-builder-column-2{width:50% !important;margin-top : 0px;margin-bottom : 0px;}.fusion-builder-column-2 > .fusion-column-wrapper {padding-top : 0 !important;padding-right : 0 !important;margin-right : 0;padding-bottom : 0 !important;padding-left : 0 !important;margin-left : 0;}@media only screen and (max-width:1024px) {.fusion-body .fusion-builder-column-2{width:50% !important;order : 0;}.fusion-builder-column-2 > .fusion-column-wrapper {margin-right : 0;margin-left : 0;}}@media only screen and (max-width:640px) {.fusion-body .fusion-builder-column-2{width:100% !important;order : 0;}.fusion-builder-column-2 > .fusion-column-wrapper {margin-right : 1.92%;margin-left : 1.92%;}}<\/style><\/div><div class=\"fusion-layout-column fusion_builder_column fusion-builder-column-3 fusion_builder_column_1_2 1_2 fusion-flex-column\"><div class=\"fusion-column-wrapper fusion-flex-justify-content-center fusion-content-layout-column\" style=\"background-position:left top;background-repeat:no-repeat;-webkit-background-size:cover;-moz-background-size:cover;-o-background-size:cover;background-size:cover;padding: 80px 0px 80px 0px;\"><style type=\"text\/css\">@media only screen and (max-width:1024px) {.fusion-title.fusion-title-2{margin-top:10px!important; margin-right:0px!important;margin-bottom:15px!important;margin-left:0px!important;}}@media only screen and (max-width:640px) {.fusion-title.fusion-title-2{margin-top:10px!important; margin-right:0px!important;margin-bottom:10px!important; margin-left:0px!important;}}<\/style><div class=\"fusion-title title fusion-title-2 fusion-sep-none fusion-title-text fusion-title-size-one\" style=\"margin-top:10px;margin-right:0px;margin-bottom:15px;margin-left:0px;\"><h1 class=\"title-heading-left\" style=\"margin:0;\">Wir unterst\u00fctzen sowohl den nationalen Kunden, der beabsichtigt, sich \u00fcber die Grenzen hinaus zu entwickeln, als auch den ausl\u00e4ndischen Kunden, der in Italien investieren m\u00f6chte, um die Besonderheit seines Gesch\u00e4fts zu verbessern.<\/h1><\/div><div class=\"fusion-text fusion-text-2\" style=\"font-size:var(--awb-typography4-font-size);line-height:var(--awb-typography4-line-height);letter-spacing:var(--awb-typography4-letter-spacing);text-transform:var(--awb-typography4-text-transform);font-family:var(--awb-typography4-font-family);font-weight:var(--awb-typography4-font-weight);font-style:var(--awb-typography4-font-style);\"><p class=\"p1\">Wir stellen unsere Erfahrung in der Due-Diligence-Phase, in der Verhandlung, in der Planung, beim Aufbau der Unternehmensstruktur, bei der Durchf\u00fchrung der Investition und im anschlie\u00dfenden Management zur Verf\u00fcgung. Wir garantieren ausl\u00e4ndischen Staatsb\u00fcrgern Unterst\u00fctzung im Bedarfsfall bei der Verm\u00f6gens\u00fcbertragung, der Einkommensverwaltung in Italien und der Erkl\u00e4rung ausl\u00e4ndischer Verm\u00f6genswerte.<\/p>\n<\/div><\/div><style type=\"text\/css\">.fusion-body .fusion-builder-column-3{width:50% !important;margin-top : 0px;margin-bottom : 20px;}.fusion-builder-column-3 > .fusion-column-wrapper {padding-top : 80px !important;padding-right : 0px !important;margin-right : 3.84%;padding-bottom : 80px !important;padding-left : 0px !important;margin-left : 3.84%;}@media only screen and (max-width:1024px) {.fusion-body .fusion-builder-column-3{width:50% !important;order : 0;}.fusion-builder-column-3 > .fusion-column-wrapper {margin-right : 3.84%;margin-left : 3.84%;}}@media only screen and (max-width:640px) {.fusion-body .fusion-builder-column-3{width:100% !important;order : 0;}.fusion-builder-column-3 > .fusion-column-wrapper {padding-top : 0 !important;margin-right : 1.92%;padding-bottom : 0 !important;margin-left : 1.92%;}}<\/style><\/div><\/div><style type=\"text\/css\">.fusion-body .fusion-flex-container.fusion-builder-row-2{ padding-top : 0px;margin-top : 0;padding-right : 0px;padding-bottom : 0px;margin-bottom : 0px;padding-left : 0px;}<\/style><\/div><div class=\"fusion-fullwidth fullwidth-box fusion-builder-row-3 fusion-flex-container nonhundred-percent-fullwidth non-hundred-percent-height-scrolling\" style=\"background-color: #f2f2f2;background-position: center center;background-repeat: no-repeat;border-width: 0px 0px 0px 0px;border-color:#e2e2e2;border-style:solid;\" ><div class=\"fusion-builder-row fusion-row fusion-flex-align-items-flex-start\" style=\"max-width:1248px;margin-left: calc(-4% \/ 2 );margin-right: calc(-4% \/ 2 );\"><div class=\"fusion-layout-column fusion_builder_column fusion-builder-column-4 fusion_builder_column_1_1 1_1 fusion-flex-column\"><div class=\"fusion-column-wrapper fusion-flex-justify-content-flex-start fusion-content-layout-column\" style=\"background-position:left top;background-repeat:no-repeat;-webkit-background-size:cover;-moz-background-size:cover;-o-background-size:cover;background-size:cover;padding: 0px 0px 0px 0px;\"><style type=\"text\/css\">@media only screen and (max-width:1024px) {.fusion-title.fusion-title-3{margin-top:10px!important; margin-right:0px!important;margin-bottom:15px!important;margin-left:0px!important;}}@media only screen and (max-width:640px) {.fusion-title.fusion-title-3{margin-top:10px!important; margin-right:0px!important;margin-bottom:10px!important; margin-left:0px!important;}}<\/style><div class=\"fusion-title title fusion-title-3 fusion-sep-none fusion-title-text fusion-title-size-one\" style=\"margin-top:10px;margin-right:0px;margin-bottom:15px;margin-left:0px;\"><h1 class=\"title-heading-left\" style=\"margin:0;\">ESTEROK-METHODE<\/h1><\/div><div class=\"fusion-text fusion-text-3\"><p><strong>Der Auslandsaufenthalt stellt f\u00fcr Unternehmen jeder Art und Gr\u00f6\u00dfe eine sehr interessante Chance dar. Hier erfahren Sie, wie Sie jede einzelne Phase nahtlos und profitabel bew\u00e4ltigen k\u00f6nnen.<\/strong><\/p>\n<p>Die Globalisierung bietet beispiellose Expansionsm\u00f6glichkeiten f\u00fcr kleine und mittlere Unternehmen.<\/p>\n<p>\u00dcber einen Verkauf im Ausland nachzudenken, kann einfacher sein, als Sie vielleicht denken. Die hier vorgestellte Methode erm\u00f6glicht es einem Unternehmen, innerhalb bestimmter Zeitrahmen eine eigene Produktions- oder Vertriebsniederlassung auf einem ausl\u00e4ndischen Markt aufzubauen.<\/p>\n<p>Hauptmerkmale unserer Methode:<\/p>\n<ol>\n<li>Treffen mit dem Kunden\/Kollegen zur Definition der Ziele;<\/li>\n<li>Aufteilung der Struktur (Steuervertreter, Repr\u00e4sentanz, strukturiertes Unternehmen) in Bezug auf die unterschiedlichen Bed\u00fcrfnisse, die der Kunde von Zeit zu Zeit stellt. Zum Beispiel: Bekanntmachung der Marke (Repr\u00e4sentanz); Produktvertrieb (Zweigstelle); oder einen Teil der Produkte\/Inbetriebnahme verlagern;<\/li>\n<li>Untersuchung des Marktes, auf dem Sie exportieren\/produzieren\/arbeiten m\u00f6chten;<\/li>\n<li>Sie kontaktieren den Referenzkollegen des Landes, mit dem Sie zusammenarbeiten m\u00f6chten (Gro\u00dfbritannien, Schweden, Frankreich, Spanien, Deutschland, USA, Asien usw.). Das Unternehmen verf\u00fcgt \u00fcber eine Reihe direkter Kenntnisse, da es seit mehreren Jahren Teil einer internationalen Vereinigung ist und direkte Verbindungen zu einem riesigen Netzwerk von Fachleuten aufbaut.<\/li>\n<li>Definition von Vertr\u00e4gen, Zeitplan, Kosten\/Nutzen der Operation;<\/li>\n<li>Genehmigung des Projekts durch den Kunden;<\/li>\n<li>Vorbereitung verschiedener Unterlagen zum Start der gew\u00e4hlten Unternehmensstruktur;<\/li>\n<li>Korrespondenzaustausch mit dem ausl\u00e4ndischen Referenzprofi.<\/li>\n<\/ol>\n<\/div><\/div><style type=\"text\/css\">.fusion-body .fusion-builder-column-4{width:100% !important;margin-top : 0px;margin-bottom : 20px;}.fusion-builder-column-4 > .fusion-column-wrapper {padding-top : 0px !important;padding-right : 0px !important;margin-right : 1.92%;padding-bottom : 0px !important;padding-left : 0px !important;margin-left : 1.92%;}@media only screen and (max-width:1024px) {.fusion-body .fusion-builder-column-4{width:100% !important;order : 0;}.fusion-builder-column-4 > .fusion-column-wrapper {margin-right : 1.92%;margin-left : 1.92%;}}@media only screen and (max-width:640px) {.fusion-body .fusion-builder-column-4{width:100% !important;order : 0;}.fusion-builder-column-4 > .fusion-column-wrapper {margin-right : 1.92%;margin-left : 1.92%;}}<\/style><\/div><\/div><style type=\"text\/css\">.fusion-body .fusion-flex-container.fusion-builder-row-3{ padding-top : 30px;margin-top : 30px;padding-right : 80px;padding-bottom : 30px;margin-bottom : 0;padding-left : 80px;}<\/style><\/div><\/p>","protected":false},"excerpt":{"rendered":"","protected":false},"author":1,"featured_media":0,"parent":34,"menu_order":0,"comment_status":"closed","ping_status":"closed","template":"","meta":{"_themeisle_gutenberg_block_has_review":false,"footnotes":""},"class_list":["post-146","page","type-page","status-publish","hentry"],"acf":[],"yoast_head":"<!-- This site is optimized with the Yoast SEO plugin v23.0 - https:\/\/yoast.com\/wordpress\/plugins\/seo\/ -->\n<title>Consulenza internazionale - Pellizzer &amp; Partners<\/title>\n<meta name=\"robots\" content=\"index, follow, max-snippet:-1, max-image-preview:large, max-video-preview:-1\" \/>\n<link rel=\"canonical\" href=\"https:\/\/pellizzer-partners.com\/de\/dienstleistungen\/internationale-beratung\/\" \/>\n<meta property=\"og:locale\" content=\"de_DE\" \/>\n<meta property=\"og:type\" content=\"article\" \/>\n<meta property=\"og:title\" content=\"Consulenza internazionale - Pellizzer &amp; Partners\" \/>\n<meta property=\"og:url\" content=\"https:\/\/pellizzer-partners.com\/de\/dienstleistungen\/internationale-beratung\/\" \/>\n<meta property=\"og:site_name\" content=\"Pellizzer &amp; Partners\" \/>\n<meta property=\"article:modified_time\" content=\"2024-07-10T13:47:35+00:00\" \/>\n<meta name=\"twitter:card\" content=\"summary_large_image\" \/>\n<meta name=\"twitter:label1\" content=\"Gesch\u00e4tzte Lesezeit\" \/>\n\t<meta name=\"twitter:data1\" content=\"9\u00a0Minuten\" \/>\n<script type=\"application\/ld+json\" class=\"yoast-schema-graph\">{\"@context\":\"https:\/\/schema.org\",\"@graph\":[{\"@type\":\"WebPage\",\"@id\":\"https:\/\/pellizzer-partners.com\/servizi\/consulenza-internazionale\/\",\"url\":\"https:\/\/pellizzer-partners.com\/servizi\/consulenza-internazionale\/\",\"name\":\"Consulenza internazionale - Pellizzer &amp; Partners\",\"isPartOf\":{\"@id\":\"https:\/\/pellizzer-partners.com\/#website\"},\"datePublished\":\"2022-10-05T15:30:24+00:00\",\"dateModified\":\"2024-07-10T13:47:35+00:00\",\"breadcrumb\":{\"@id\":\"https:\/\/pellizzer-partners.com\/servizi\/consulenza-internazionale\/#breadcrumb\"},\"inLanguage\":\"de\",\"potentialAction\":[{\"@type\":\"ReadAction\",\"target\":[\"https:\/\/pellizzer-partners.com\/servizi\/consulenza-internazionale\/\"]}]},{\"@type\":\"BreadcrumbList\",\"@id\":\"https:\/\/pellizzer-partners.com\/servizi\/consulenza-internazionale\/#breadcrumb\",\"itemListElement\":[{\"@type\":\"ListItem\",\"position\":1,\"name\":\"Home\",\"item\":\"https:\/\/pellizzer-partners.com\/\"},{\"@type\":\"ListItem\",\"position\":2,\"name\":\"Servizi\",\"item\":\"https:\/\/pellizzer-partners.com\/servizi\/\"},{\"@type\":\"ListItem\",\"position\":3,\"name\":\"Consulenza internazionale\"}]},{\"@type\":\"WebSite\",\"@id\":\"https:\/\/pellizzer-partners.com\/#website\",\"url\":\"https:\/\/pellizzer-partners.com\/\",\"name\":\"Pellizzer &amp; Partners\",\"description\":\"Pellizzer &amp; Partners\",\"publisher\":{\"@id\":\"https:\/\/pellizzer-partners.com\/#organization\"},\"potentialAction\":[{\"@type\":\"SearchAction\",\"target\":{\"@type\":\"EntryPoint\",\"urlTemplate\":\"https:\/\/pellizzer-partners.com\/?s={search_term_string}\"},\"query-input\":\"required name=search_term_string\"}],\"inLanguage\":\"de\"},{\"@type\":\"Organization\",\"@id\":\"https:\/\/pellizzer-partners.com\/#organization\",\"name\":\"Pellizzer & Partners\",\"url\":\"https:\/\/pellizzer-partners.com\/\",\"logo\":{\"@type\":\"ImageObject\",\"inLanguage\":\"de\",\"@id\":\"https:\/\/pellizzer-partners.com\/#\/schema\/logo\/image\/\",\"url\":\"https:\/\/pellizzer-partners.com\/wp-content\/uploads\/2022\/04\/logo_dark_custom_blue.svg\",\"contentUrl\":\"https:\/\/pellizzer-partners.com\/wp-content\/uploads\/2022\/04\/logo_dark_custom_blue.svg\",\"width\":100,\"height\":100,\"caption\":\"Pellizzer & Partners\"},\"image\":{\"@id\":\"https:\/\/pellizzer-partners.com\/#\/schema\/logo\/image\/\"}}]}<\/script>\n<!-- \/ Yoast SEO plugin. -->","yoast_head_json":{"title":"Consulenza internazionale - Pellizzer &amp; Partners","robots":{"index":"index","follow":"follow","max-snippet":"max-snippet:-1","max-image-preview":"max-image-preview:large","max-video-preview":"max-video-preview:-1"},"canonical":"https:\/\/pellizzer-partners.com\/de\/dienstleistungen\/internationale-beratung\/","og_locale":"de_DE","og_type":"article","og_title":"Consulenza internazionale - Pellizzer &amp; Partners","og_url":"https:\/\/pellizzer-partners.com\/de\/dienstleistungen\/internationale-beratung\/","og_site_name":"Pellizzer &amp; Partners","article_modified_time":"2024-07-10T13:47:35+00:00","twitter_card":"summary_large_image","twitter_misc":{"Gesch\u00e4tzte Lesezeit":"9\u00a0Minuten"},"schema":{"@context":"https:\/\/schema.org","@graph":[{"@type":"WebPage","@id":"https:\/\/pellizzer-partners.com\/servizi\/consulenza-internazionale\/","url":"https:\/\/pellizzer-partners.com\/servizi\/consulenza-internazionale\/","name":"Consulenza internazionale - Pellizzer &amp; Partners","isPartOf":{"@id":"https:\/\/pellizzer-partners.com\/#website"},"datePublished":"2022-10-05T15:30:24+00:00","dateModified":"2024-07-10T13:47:35+00:00","breadcrumb":{"@id":"https:\/\/pellizzer-partners.com\/servizi\/consulenza-internazionale\/#breadcrumb"},"inLanguage":"de","potentialAction":[{"@type":"ReadAction","target":["https:\/\/pellizzer-partners.com\/servizi\/consulenza-internazionale\/"]}]},{"@type":"BreadcrumbList","@id":"https:\/\/pellizzer-partners.com\/servizi\/consulenza-internazionale\/#breadcrumb","itemListElement":[{"@type":"ListItem","position":1,"name":"Home","item":"https:\/\/pellizzer-partners.com\/"},{"@type":"ListItem","position":2,"name":"Servizi","item":"https:\/\/pellizzer-partners.com\/servizi\/"},{"@type":"ListItem","position":3,"name":"Consulenza internazionale"}]},{"@type":"WebSite","@id":"https:\/\/pellizzer-partners.com\/#website","url":"https:\/\/pellizzer-partners.com\/","name":"Pellizzer &amp; Partners","description":"Pellizzer &amp; Partners","publisher":{"@id":"https:\/\/pellizzer-partners.com\/#organization"},"potentialAction":[{"@type":"SearchAction","target":{"@type":"EntryPoint","urlTemplate":"https:\/\/pellizzer-partners.com\/?s={search_term_string}"},"query-input":"required name=search_term_string"}],"inLanguage":"de"},{"@type":"Organization","@id":"https:\/\/pellizzer-partners.com\/#organization","name":"Pellizzer & Partners","url":"https:\/\/pellizzer-partners.com\/","logo":{"@type":"ImageObject","inLanguage":"de","@id":"https:\/\/pellizzer-partners.com\/#\/schema\/logo\/image\/","url":"https:\/\/pellizzer-partners.com\/wp-content\/uploads\/2022\/04\/logo_dark_custom_blue.svg","contentUrl":"https:\/\/pellizzer-partners.com\/wp-content\/uploads\/2022\/04\/logo_dark_custom_blue.svg","width":100,"height":100,"caption":"Pellizzer & Partners"},"image":{"@id":"https:\/\/pellizzer-partners.com\/#\/schema\/logo\/image\/"}}]}},"_links":{"self":[{"href":"https:\/\/pellizzer-partners.com\/de\/wp-json\/wp\/v2\/pages\/146","targetHints":{"allow":["GET"]}}],"collection":[{"href":"https:\/\/pellizzer-partners.com\/de\/wp-json\/wp\/v2\/pages"}],"about":[{"href":"https:\/\/pellizzer-partners.com\/de\/wp-json\/wp\/v2\/types\/page"}],"author":[{"embeddable":true,"href":"https:\/\/pellizzer-partners.com\/de\/wp-json\/wp\/v2\/users\/1"}],"replies":[{"embeddable":true,"href":"https:\/\/pellizzer-partners.com\/de\/wp-json\/wp\/v2\/comments?post=146"}],"version-history":[{"count":16,"href":"https:\/\/pellizzer-partners.com\/de\/wp-json\/wp\/v2\/pages\/146\/revisions"}],"predecessor-version":[{"id":1664,"href":"https:\/\/pellizzer-partners.com\/de\/wp-json\/wp\/v2\/pages\/146\/revisions\/1664"}],"up":[{"embeddable":true,"href":"https:\/\/pellizzer-partners.com\/de\/wp-json\/wp\/v2\/pages\/34"}],"wp:attachment":[{"href":"https:\/\/pellizzer-partners.com\/de\/wp-json\/wp\/v2\/media?parent=146"}],"curies":[{"name":"wp","href":"https:\/\/api.w.org\/{rel}","templated":true}]}}