{"id":154,"date":"2022-10-05T15:36:01","date_gmt":"2022-10-05T15:36:01","guid":{"rendered":"https:\/\/pellizzer-partners.com\/?page_id=154"},"modified":"2022-12-19T20:49:26","modified_gmt":"2022-12-19T20:49:26","slug":"consulenza-legale","status":"publish","type":"page","link":"https:\/\/pellizzer-partners.com\/de\/dienstleistungen\/rechtsberatung\/","title":{"rendered":"Rechtsberatung"},"content":{"rendered":"<p><div class=\"fusion-fullwidth fullwidth-box fusion-builder-row-1 fusion-flex-container nonhundred-percent-fullwidth non-hundred-percent-height-scrolling fusion-animated\" style=\"background-color: rgba(255,255,255,0);background-position: center center;background-repeat: no-repeat;border-width: 0px 0px 0px 0px;border-color:#e2e2e2;border-style:solid;\" data-animationtype=\"fadeIn\" data-animationduration=\"0.7\" data-animationoffset=\"top-into-view\" ><div class=\"fusion-builder-row fusion-row fusion-flex-align-items-stretch\" style=\"max-width:1248px;margin-left: calc(-4% \/ 2 );margin-right: calc(-4% \/ 2 );\"><div class=\"fusion-layout-column fusion_builder_column fusion-builder-column-0 fusion_builder_column_1_2 1_2 fusion-flex-column\"><div class=\"fusion-column-wrapper fusion-flex-justify-content-center fusion-content-layout-column\" style=\"background-position:left top;background-repeat:no-repeat;-webkit-background-size:cover;-moz-background-size:cover;-o-background-size:cover;background-size:cover;padding: 80px 0px 80px 0px;\"><style type=\"text\/css\">@media only screen and (max-width:1024px) {.fusion-title.fusion-title-1{margin-top:10px!important; margin-right:0px!important;margin-bottom:15px!important;margin-left:0px!important;}}@media only screen and (max-width:640px) {.fusion-title.fusion-title-1{margin-top:10px!important; margin-right:0px!important;margin-bottom:10px!important; margin-left:0px!important;}}<\/style><div class=\"fusion-title title fusion-title-1 fusion-sep-none fusion-title-text fusion-title-size-one\" style=\"margin-top:10px;margin-right:0px;margin-bottom:15px;margin-left:0px;\"><h1 class=\"title-heading-left\" style=\"margin:0;\">Rechtsberatung<\/h1><\/div><div class=\"fusion-text fusion-text-1\" style=\"font-size:var(--awb-typography4-font-size);line-height:var(--awb-typography4-line-height);letter-spacing:var(--awb-typography4-letter-spacing);text-transform:var(--awb-typography4-text-transform);font-family:var(--awb-typography4-font-family);font-weight:var(--awb-typography4-font-weight);font-style:var(--awb-typography4-font-style);\"><p>Unser Team besteht auch aus erfahrenen Anw\u00e4lten und qualifizierten Universit\u00e4tsprofessoren, mit denen wir zusammenarbeiten, um dem Mandanten einen vollst\u00e4ndigen und p\u00fcnktlichen Service zu bieten.<\/p>\n<\/div><\/div><style type=\"text\/css\">.fusion-body .fusion-builder-column-0{width:50% !important;margin-top : 0px;margin-bottom : 20px;}.fusion-builder-column-0 > .fusion-column-wrapper {padding-top : 80px !important;padding-right : 0px !important;margin-right : 3.84%;padding-bottom : 80px !important;padding-left : 0px !important;margin-left : 3.84%;}@media only screen and (max-width:1024px) {.fusion-body .fusion-builder-column-0{width:50% !important;order : 0;}.fusion-builder-column-0 > .fusion-column-wrapper {margin-right : 3.84%;margin-left : 3.84%;}}@media only screen and (max-width:640px) {.fusion-body .fusion-builder-column-0{width:100% !important;order : 0;}.fusion-builder-column-0 > .fusion-column-wrapper {padding-top : 0 !important;margin-right : 1.92%;padding-bottom : 0 !important;margin-left : 1.92%;}}<\/style><\/div><div class=\"fusion-layout-column fusion_builder_column fusion-builder-column-1 fusion_builder_column_1_2 1_2 fusion-flex-column\"><div class=\"fusion-column-wrapper fusion-flex-justify-content-flex-start fusion-content-layout-column fusion-empty-column-bg-image\" style=\"background-image: url(&#039;https:\/\/pellizzer-partners.com\/wp-content\/uploads\/2022\/12\/cart_22-948x1024.jpg&#039;);background-position:center top;background-repeat:no-repeat;-webkit-background-size:cover;-moz-background-size:cover;-o-background-size:cover;background-size:cover;padding: 0px 0px 0px 0px;\" data-bg-url=\"https:\/\/pellizzer-partners.com\/wp-content\/uploads\/2022\/12\/cart_22-948x1024.jpg\"><img decoding=\"async\" class=\"fusion-empty-dims-img-placeholder fusion-no-large-visibility fusion-no-medium-visibility\" src=\"data:image\/svg+xml,%3Csvg%20xmlns%3D%27http%3A%2F%2Fwww.w3.org%2F2000%2Fsvg%27%20width%3D%27948%27%20height%3D%271024%27%20viewBox%3D%270%200%20948%201024%27%3E%3Crect%20width%3D%27948%27%20height%3D%271024%27%20fill-opacity%3D%220%22%2F%3E%3C%2Fsvg%3E\"><\/div><style type=\"text\/css\">.fusion-body .fusion-builder-column-1{width:50% !important;margin-top : 0px;margin-bottom : 0px;}.fusion-builder-column-1 > .fusion-column-wrapper {padding-top : 0 !important;padding-right : 0 !important;margin-right : 0;padding-bottom : 0 !important;padding-left : 0 !important;margin-left : 0;}@media only screen and (max-width:1024px) {.fusion-body .fusion-builder-column-1{width:50% !important;order : 0;}.fusion-builder-column-1 > .fusion-column-wrapper {margin-right : 0;margin-left : 0;}}@media only screen and (max-width:640px) {.fusion-body .fusion-builder-column-1{width:100% !important;order : 0;}.fusion-builder-column-1 > .fusion-column-wrapper {margin-right : 1.92%;margin-left : 1.92%;}}<\/style><\/div><\/div><style type=\"text\/css\">.fusion-body .fusion-flex-container.fusion-builder-row-1{ padding-top : 0px;margin-top : 0;padding-right : 0px;padding-bottom : 0px;margin-bottom : 0px;padding-left : 0px;min-height:500px;}<\/style><\/div><div class=\"fusion-fullwidth fullwidth-box fusion-builder-row-2 fusion-flex-container nonhundred-percent-fullwidth non-hundred-percent-height-scrolling\" style=\"background-color: #f2f2f2;background-position: center center;background-repeat: no-repeat;border-width: 0px 0px 0px 0px;border-color:#e2e2e2;border-style:solid;\" ><div class=\"fusion-builder-row fusion-row fusion-flex-align-items-flex-start\" style=\"max-width:1248px;margin-left: calc(-4% \/ 2 );margin-right: calc(-4% \/ 2 );\"><div class=\"fusion-layout-column fusion_builder_column fusion-builder-column-2 fusion_builder_column_1_1 1_1 fusion-flex-column\"><div class=\"fusion-column-wrapper fusion-flex-justify-content-flex-start fusion-content-layout-column\" style=\"background-position:left top;background-repeat:no-repeat;-webkit-background-size:cover;-moz-background-size:cover;-o-background-size:cover;background-size:cover;padding: 0px 0px 0px 0px;\"><style type=\"text\/css\">@media only screen and (max-width:1024px) {.fusion-title.fusion-title-2{margin-top:10px!important; margin-right:0px!important;margin-bottom:15px!important;margin-left:0px!important;}}@media only screen and (max-width:640px) {.fusion-title.fusion-title-2{margin-top:10px!important; margin-right:0px!important;margin-bottom:10px!important; margin-left:0px!important;}}<\/style><div class=\"fusion-title title fusion-title-2 fusion-sep-none fusion-title-text fusion-title-size-one\" style=\"font-size:var(--awb-typography1-font-size);margin-top:10px;margin-right:0px;margin-bottom:15px;margin-left:0px;\"><h1 class=\"title-heading-left\" style=\"font-family:var(--awb-typography1-font-family);font-weight:var(--awb-typography1-font-weight);font-style:var(--awb-typography1-font-style);margin:0;font-size:1em;letter-spacing:var(--awb-typography1-letter-spacing);line-height:var(--awb-typography1-line-height);\">Fokus:<\/h1><\/div><ul class=\"fusion-checklist fusion-checklist-1\" style=\"font-size:16px;line-height:27.2px;\"><li style=\"background-color:rgba(255,255,255,0);\" class=\"fusion-li-item\"><span style=\"height:27.2px;width:27.2px;margin-right:11.2px;\" class=\"icon-wrapper circle-no\"><i class=\"fusion-li-icon fa-caret-right fas\" style=\"color:var(--awb-color1);\" aria-hidden=\"true\"><\/i><\/span><div class=\"fusion-li-item-content\" style=\"margin-left:38.4px;color:#4a4e57;\">Steuerrecht<\/div><\/li><li style=\"background-color:rgba(255,255,255,0);\" class=\"fusion-li-item\"><span style=\"height:27.2px;width:27.2px;margin-right:11.2px;\" class=\"icon-wrapper circle-no\"><i class=\"fusion-li-icon fa-caret-right fas\" style=\"color:var(--awb-color1);\" aria-hidden=\"true\"><\/i><\/span><div class=\"fusion-li-item-content\" style=\"margin-left:38.4px;color:#4a4e57;\">Handelsrecht<\/div><\/li><li style=\"background-color:rgba(255,255,255,0);\" class=\"fusion-li-item\"><span style=\"height:27.2px;width:27.2px;margin-right:11.2px;\" class=\"icon-wrapper circle-no\"><i class=\"fusion-li-icon fa-caret-right fas\" style=\"color:var(--awb-color1);\" aria-hidden=\"true\"><\/i><\/span><div class=\"fusion-li-item-content\" style=\"margin-left:38.4px;color:#4a4e57;\">Firmengesetz<\/div><\/li><li style=\"background-color:rgba(255,255,255,0);\" class=\"fusion-li-item\"><span style=\"height:27.2px;width:27.2px;margin-right:11.2px;\" class=\"icon-wrapper circle-no\"><i class=\"fusion-li-icon fa-caret-right fas\" style=\"color:var(--awb-color1);\" aria-hidden=\"true\"><\/i><\/span><div class=\"fusion-li-item-content\" style=\"margin-left:38.4px;color:#4a4e57;\">Arbeitsrecht<\/div><\/li><li style=\"background-color:rgba(255,255,255,0);\" class=\"fusion-li-item\"><span style=\"height:27.2px;width:27.2px;margin-right:11.2px;\" class=\"icon-wrapper circle-no\"><i class=\"fusion-li-icon fa-caret-right fas\" style=\"color:var(--awb-color1);\" aria-hidden=\"true\"><\/i><\/span><div class=\"fusion-li-item-content\" style=\"margin-left:38.4px;color:#4a4e57;\">Internationales Recht<\/div><\/li><li style=\"background-color:rgba(255,255,255,0);\" class=\"fusion-li-item\"><span style=\"height:27.2px;width:27.2px;margin-right:11.2px;\" class=\"icon-wrapper circle-no\"><i class=\"fusion-li-icon fa-caret-right fas\" style=\"color:var(--awb-color1);\" aria-hidden=\"true\"><\/i><\/span><div class=\"fusion-li-item-content\" style=\"margin-left:38.4px;color:#4a4e57;\">Marken, Patente, geistiges Eigentum<\/div><\/li><li style=\"background-color:rgba(255,255,255,0);\" class=\"fusion-li-item\"><span style=\"height:27.2px;width:27.2px;margin-right:11.2px;\" class=\"icon-wrapper circle-no\"><i class=\"fusion-li-icon fa-caret-right fas\" style=\"color:var(--awb-color1);\" aria-hidden=\"true\"><\/i><\/span><div class=\"fusion-li-item-content\" style=\"margin-left:38.4px;color:#4a4e57;\">Eintreibung von Schulden<\/div><\/li><\/ul><\/div><style type=\"text\/css\">.fusion-body .fusion-builder-column-2{width:100% !important;margin-top : 0px;margin-bottom : 20px;}.fusion-builder-column-2 > .fusion-column-wrapper {padding-top : 0px !important;padding-right : 0px !important;margin-right : 1.92%;padding-bottom : 0px !important;padding-left : 0px !important;margin-left : 1.92%;}@media only screen and (max-width:1024px) {.fusion-body .fusion-builder-column-2{width:100% !important;order : 0;}.fusion-builder-column-2 > .fusion-column-wrapper {margin-right : 1.92%;margin-left : 1.92%;}}@media only screen and (max-width:640px) {.fusion-body .fusion-builder-column-2{width:100% !important;order : 0;}.fusion-builder-column-2 > .fusion-column-wrapper {margin-right : 1.92%;margin-left : 1.92%;}}<\/style><\/div><\/div><style type=\"text\/css\">.fusion-body .fusion-flex-container.fusion-builder-row-2{ padding-top : 30px;margin-top : 30px;padding-right : 80px;padding-bottom : 30px;margin-bottom : 0;padding-left : 80px;}<\/style><\/div><\/p>","protected":false},"excerpt":{"rendered":"","protected":false},"author":1,"featured_media":0,"parent":34,"menu_order":0,"comment_status":"closed","ping_status":"closed","template":"","meta":{"_themeisle_gutenberg_block_has_review":false,"footnotes":""},"class_list":["post-154","page","type-page","status-publish","hentry"],"acf":[],"yoast_head":"<!-- This site is optimized with the Yoast SEO plugin v23.0 - https:\/\/yoast.com\/wordpress\/plugins\/seo\/ -->\n<title>Consulenza legale - Pellizzer &amp; Partners<\/title>\n<meta name=\"robots\" content=\"index, follow, max-snippet:-1, max-image-preview:large, max-video-preview:-1\" \/>\n<link rel=\"canonical\" href=\"https:\/\/pellizzer-partners.com\/de\/dienstleistungen\/rechtsberatung\/\" \/>\n<meta property=\"og:locale\" content=\"de_DE\" \/>\n<meta property=\"og:type\" content=\"article\" \/>\n<meta property=\"og:title\" content=\"Consulenza legale - Pellizzer &amp; Partners\" \/>\n<meta property=\"og:url\" content=\"https:\/\/pellizzer-partners.com\/de\/dienstleistungen\/rechtsberatung\/\" \/>\n<meta property=\"og:site_name\" content=\"Pellizzer &amp; Partners\" \/>\n<meta property=\"article:modified_time\" content=\"2022-12-19T20:49:26+00:00\" \/>\n<meta name=\"twitter:card\" content=\"summary_large_image\" \/>\n<meta name=\"twitter:label1\" content=\"Gesch\u00e4tzte Lesezeit\" \/>\n\t<meta name=\"twitter:data1\" content=\"5\u00a0Minuten\" \/>\n<script type=\"application\/ld+json\" class=\"yoast-schema-graph\">{\"@context\":\"https:\/\/schema.org\",\"@graph\":[{\"@type\":\"WebPage\",\"@id\":\"https:\/\/pellizzer-partners.com\/servizi\/consulenza-legale\/\",\"url\":\"https:\/\/pellizzer-partners.com\/servizi\/consulenza-legale\/\",\"name\":\"Consulenza legale - Pellizzer &amp; Partners\",\"isPartOf\":{\"@id\":\"https:\/\/pellizzer-partners.com\/#website\"},\"datePublished\":\"2022-10-05T15:36:01+00:00\",\"dateModified\":\"2022-12-19T20:49:26+00:00\",\"breadcrumb\":{\"@id\":\"https:\/\/pellizzer-partners.com\/servizi\/consulenza-legale\/#breadcrumb\"},\"inLanguage\":\"de\",\"potentialAction\":[{\"@type\":\"ReadAction\",\"target\":[\"https:\/\/pellizzer-partners.com\/servizi\/consulenza-legale\/\"]}]},{\"@type\":\"BreadcrumbList\",\"@id\":\"https:\/\/pellizzer-partners.com\/servizi\/consulenza-legale\/#breadcrumb\",\"itemListElement\":[{\"@type\":\"ListItem\",\"position\":1,\"name\":\"Home\",\"item\":\"https:\/\/pellizzer-partners.com\/\"},{\"@type\":\"ListItem\",\"position\":2,\"name\":\"Servizi\",\"item\":\"https:\/\/pellizzer-partners.com\/servizi\/\"},{\"@type\":\"ListItem\",\"position\":3,\"name\":\"Consulenza legale\"}]},{\"@type\":\"WebSite\",\"@id\":\"https:\/\/pellizzer-partners.com\/#website\",\"url\":\"https:\/\/pellizzer-partners.com\/\",\"name\":\"Pellizzer &amp; Partners\",\"description\":\"Pellizzer &amp; Partners\",\"publisher\":{\"@id\":\"https:\/\/pellizzer-partners.com\/#organization\"},\"potentialAction\":[{\"@type\":\"SearchAction\",\"target\":{\"@type\":\"EntryPoint\",\"urlTemplate\":\"https:\/\/pellizzer-partners.com\/?s={search_term_string}\"},\"query-input\":\"required name=search_term_string\"}],\"inLanguage\":\"de\"},{\"@type\":\"Organization\",\"@id\":\"https:\/\/pellizzer-partners.com\/#organization\",\"name\":\"Pellizzer & Partners\",\"url\":\"https:\/\/pellizzer-partners.com\/\",\"logo\":{\"@type\":\"ImageObject\",\"inLanguage\":\"de\",\"@id\":\"https:\/\/pellizzer-partners.com\/#\/schema\/logo\/image\/\",\"url\":\"https:\/\/pellizzer-partners.com\/wp-content\/uploads\/2022\/04\/logo_dark_custom_blue.svg\",\"contentUrl\":\"https:\/\/pellizzer-partners.com\/wp-content\/uploads\/2022\/04\/logo_dark_custom_blue.svg\",\"width\":100,\"height\":100,\"caption\":\"Pellizzer & Partners\"},\"image\":{\"@id\":\"https:\/\/pellizzer-partners.com\/#\/schema\/logo\/image\/\"}}]}<\/script>\n<!-- \/ Yoast SEO plugin. -->","yoast_head_json":{"title":"Consulenza legale - Pellizzer &amp; Partners","robots":{"index":"index","follow":"follow","max-snippet":"max-snippet:-1","max-image-preview":"max-image-preview:large","max-video-preview":"max-video-preview:-1"},"canonical":"https:\/\/pellizzer-partners.com\/de\/dienstleistungen\/rechtsberatung\/","og_locale":"de_DE","og_type":"article","og_title":"Consulenza legale - Pellizzer &amp; Partners","og_url":"https:\/\/pellizzer-partners.com\/de\/dienstleistungen\/rechtsberatung\/","og_site_name":"Pellizzer &amp; Partners","article_modified_time":"2022-12-19T20:49:26+00:00","twitter_card":"summary_large_image","twitter_misc":{"Gesch\u00e4tzte Lesezeit":"5\u00a0Minuten"},"schema":{"@context":"https:\/\/schema.org","@graph":[{"@type":"WebPage","@id":"https:\/\/pellizzer-partners.com\/servizi\/consulenza-legale\/","url":"https:\/\/pellizzer-partners.com\/servizi\/consulenza-legale\/","name":"Consulenza legale - Pellizzer &amp; Partners","isPartOf":{"@id":"https:\/\/pellizzer-partners.com\/#website"},"datePublished":"2022-10-05T15:36:01+00:00","dateModified":"2022-12-19T20:49:26+00:00","breadcrumb":{"@id":"https:\/\/pellizzer-partners.com\/servizi\/consulenza-legale\/#breadcrumb"},"inLanguage":"de","potentialAction":[{"@type":"ReadAction","target":["https:\/\/pellizzer-partners.com\/servizi\/consulenza-legale\/"]}]},{"@type":"BreadcrumbList","@id":"https:\/\/pellizzer-partners.com\/servizi\/consulenza-legale\/#breadcrumb","itemListElement":[{"@type":"ListItem","position":1,"name":"Home","item":"https:\/\/pellizzer-partners.com\/"},{"@type":"ListItem","position":2,"name":"Servizi","item":"https:\/\/pellizzer-partners.com\/servizi\/"},{"@type":"ListItem","position":3,"name":"Consulenza legale"}]},{"@type":"WebSite","@id":"https:\/\/pellizzer-partners.com\/#website","url":"https:\/\/pellizzer-partners.com\/","name":"Pellizzer &amp; Partners","description":"Pellizzer &amp; Partners","publisher":{"@id":"https:\/\/pellizzer-partners.com\/#organization"},"potentialAction":[{"@type":"SearchAction","target":{"@type":"EntryPoint","urlTemplate":"https:\/\/pellizzer-partners.com\/?s={search_term_string}"},"query-input":"required name=search_term_string"}],"inLanguage":"de"},{"@type":"Organization","@id":"https:\/\/pellizzer-partners.com\/#organization","name":"Pellizzer & Partners","url":"https:\/\/pellizzer-partners.com\/","logo":{"@type":"ImageObject","inLanguage":"de","@id":"https:\/\/pellizzer-partners.com\/#\/schema\/logo\/image\/","url":"https:\/\/pellizzer-partners.com\/wp-content\/uploads\/2022\/04\/logo_dark_custom_blue.svg","contentUrl":"https:\/\/pellizzer-partners.com\/wp-content\/uploads\/2022\/04\/logo_dark_custom_blue.svg","width":100,"height":100,"caption":"Pellizzer & Partners"},"image":{"@id":"https:\/\/pellizzer-partners.com\/#\/schema\/logo\/image\/"}}]}},"_links":{"self":[{"href":"https:\/\/pellizzer-partners.com\/de\/wp-json\/wp\/v2\/pages\/154","targetHints":{"allow":["GET"]}}],"collection":[{"href":"https:\/\/pellizzer-partners.com\/de\/wp-json\/wp\/v2\/pages"}],"about":[{"href":"https:\/\/pellizzer-partners.com\/de\/wp-json\/wp\/v2\/types\/page"}],"author":[{"embeddable":true,"href":"https:\/\/pellizzer-partners.com\/de\/wp-json\/wp\/v2\/users\/1"}],"replies":[{"embeddable":true,"href":"https:\/\/pellizzer-partners.com\/de\/wp-json\/wp\/v2\/comments?post=154"}],"version-history":[{"count":11,"href":"https:\/\/pellizzer-partners.com\/de\/wp-json\/wp\/v2\/pages\/154\/revisions"}],"predecessor-version":[{"id":712,"href":"https:\/\/pellizzer-partners.com\/de\/wp-json\/wp\/v2\/pages\/154\/revisions\/712"}],"up":[{"embeddable":true,"href":"https:\/\/pellizzer-partners.com\/de\/wp-json\/wp\/v2\/pages\/34"}],"wp:attachment":[{"href":"https:\/\/pellizzer-partners.com\/de\/wp-json\/wp\/v2\/media?parent=154"}],"curies":[{"name":"wp","href":"https:\/\/api.w.org\/{rel}","templated":true}]}}