{"id":17,"date":"2022-04-11T13:28:46","date_gmt":"2022-04-11T13:28:46","guid":{"rendered":"https:\/\/pellizzer-partners.com\/?page_id=17"},"modified":"2024-07-09T12:21:21","modified_gmt":"2024-07-09T12:21:21","slug":"chi-siamo","status":"publish","type":"page","link":"https:\/\/pellizzer-partners.com\/de\/wer-wir-sind\/","title":{"rendered":"Wer wir sind"},"content":{"rendered":"<p><div class=\"fusion-fullwidth fullwidth-box fusion-builder-row-1 fusion-flex-container col-reverse nonhundred-percent-fullwidth non-hundred-percent-height-scrolling\" style=\"background-color: rgba(255,255,255,0);background-position: center center;background-repeat: no-repeat;border-width: 0px 0px 0px 0px;border-color:#e2e2e2;border-style:solid;\" ><div class=\"fusion-builder-row fusion-row fusion-flex-align-items-stretch\" style=\"max-width:1248px;margin-left: calc(-4% \/ 2 );margin-right: calc(-4% \/ 2 );\"><div class=\"fusion-layout-column fusion_builder_column fusion-builder-column-0 fusion_builder_column_1_2 1_2 fusion-flex-column\"><div class=\"fusion-column-wrapper fusion-flex-justify-content-flex-start fusion-content-layout-column\" style=\"background-position:left top;background-repeat:no-repeat;-webkit-background-size:cover;-moz-background-size:cover;-o-background-size:cover;background-size:cover;padding: 40px 40px 40px 40px;\"><style type=\"text\/css\">@media only screen and (max-width:1024px) {.fusion-title.fusion-title-1{margin-top:10px!important; margin-right:0px!important;margin-bottom:15px!important;margin-left:0px!important;}}@media only screen and (max-width:640px) {.fusion-title.fusion-title-1{margin-top:10px!important; margin-right:0px!important;margin-bottom:10px!important; margin-left:0px!important;}}<\/style><div class=\"fusion-title title fusion-title-1 fusion-sep-none fusion-title-text fusion-title-size-one\" style=\"font-size:var(--awb-typography1-font-size);margin-top:10px;margin-right:0px;margin-bottom:15px;margin-left:0px;\"><h1 class=\"title-heading-left\" style=\"font-family:var(--awb-typography1-font-family);font-weight:var(--awb-typography1-font-weight);font-style:var(--awb-typography1-font-style);margin:0;font-size:1em;letter-spacing:var(--awb-typography1-letter-spacing);line-height:var(--awb-typography1-line-height);\">Multidisziplin\u00e4res verbundenes Unternehmen, um dem Kunden eine Komplettl\u00f6sung anzubieten<\/h1><\/div><div class=\"fusion-text fusion-text-1\"><p>Das Unternehmen Pellizzer&amp;Partners wurde 2004 gegr\u00fcndet. Es basiert auf einer umfassenden internationalen Erfahrung, da seine Gr\u00fcnderin, Dr. Michela Pellizzer, bereits Mitglied der Kommission f\u00fcr die Untersuchung und Entwicklung der Beziehungen mit dem Ausland beim Order of Chartered Accountants ist von Treviso und f\u00fcr zwei Amtszeiten Mitglied des Vorstands (mit Delegation im Finanzministerium) der IAG International Association \u2013 IAG ist eine internationale Vereinigung von Buchhaltern und Anw\u00e4lten aus der ganzen Welt.<\/p>\n<\/div><div class=\"fusion-text fusion-text-2\"><p>Heute <strong>Studio Pellizzer&amp;Partners<\/strong>, stellt dem Mandanten seine Fachkompetenzen zur Verf\u00fcgung, n\u00e4mlich: Au\u00dferordentliche Gesch\u00e4fte, Internationale Beratung, Steuerrecht, Gesellschaftsrecht, Unternehmenskontrolle und Jahresabschluss.<\/p>\n<\/div><div ><style>.fusion-body .fusion-button.button-1{border-radius:4px 4px 4px 4px;font-size:13px;line-height:var(--awb-typography2-line-height);letter-spacing:var(--awb-typography2-letter-spacing);font-family:var(--awb-typography2-font-family);font-weight:var(--awb-typography2-font-weight);font-style:var(--awb-typography2-font-style);}.fusion-body .fusion-button.button-1 .fusion-button-text{text-transform:none;}<\/style><a class=\"fusion-button button-flat fusion-button-default-size button-default button-1 fusion-button-default-span fusion-button-default-type\" target=\"_self\" href=\"https:\/\/pellizzer-partners.com\/de\/profis\/\"><span class=\"fusion-button-text\">Entdecken Sie die Profis des Studios<\/span><\/a><\/div><\/div><style type=\"text\/css\">.fusion-body .fusion-builder-column-0{width:50% !important;margin-top : 0px;margin-bottom : 0px;}.fusion-builder-column-0 > .fusion-column-wrapper {padding-top : 40px !important;padding-right : 40px !important;margin-right : 0;padding-bottom : 40px !important;padding-left : 40px !important;margin-left : 0;}@media only screen and (max-width:1024px) {.fusion-body .fusion-builder-column-0{width:50% !important;order : 0;}.fusion-builder-column-0 > .fusion-column-wrapper {margin-right : 0;margin-left : 0;}}@media only screen and (max-width:640px) {.fusion-body .fusion-builder-column-0{width:100% !important;order : 0;}.fusion-builder-column-0 > .fusion-column-wrapper {margin-right : 1.92%;margin-left : 1.92%;}}<\/style><\/div><div class=\"fusion-layout-column fusion_builder_column fusion-builder-column-1 fusion_builder_column_1_2 1_2 fusion-flex-column\"><div class=\"fusion-column-wrapper fusion-flex-justify-content-flex-start fusion-content-layout-column\" style=\"background-position:left top;background-repeat:no-repeat;-webkit-background-size:cover;-moz-background-size:cover;-o-background-size:cover;background-size:cover;padding: 0px 0px 0px 0px;\"><div ><span class=\"fusion-imageframe imageframe-none imageframe-1 hover-type-none\"><img decoding=\"async\" width=\"544\" height=\"812\" title=\"31\" src=\"https:\/\/pellizzer-partners.com\/wp-content\/uploads\/2024\/07\/31-scaled-e1720080392745.jpg\" alt class=\"img-responsive wp-image-1625\"\/><\/span><\/div><\/div><style type=\"text\/css\">.fusion-body .fusion-builder-column-1{width:50% !important;margin-top : 0px;margin-bottom : 20px;}.fusion-builder-column-1 > .fusion-column-wrapper {padding-top : 0px !important;padding-right : 0px !important;margin-right : 3.84%;padding-bottom : 0px !important;padding-left : 0px !important;margin-left : 3.84%;}@media only screen and (max-width:1024px) {.fusion-body .fusion-builder-column-1{width:50% !important;order : 0;}.fusion-builder-column-1 > .fusion-column-wrapper {margin-right : 3.84%;margin-left : 3.84%;}}@media only screen and (max-width:640px) {.fusion-body .fusion-builder-column-1{width:100% !important;order : 0;}.fusion-builder-column-1 > .fusion-column-wrapper {margin-right : 1.92%;margin-left : 1.92%;}}<\/style><\/div><\/div><style type=\"text\/css\">.fusion-body .fusion-flex-container.fusion-builder-row-1{ padding-top : 0px;margin-top : 0px;padding-right : 0px;padding-bottom : 0px;margin-bottom : 0px;padding-left : 0px;}<\/style><\/div><div class=\"fusion-fullwidth fullwidth-box fusion-builder-row-2 fusion-flex-container nonhundred-percent-fullwidth non-hundred-percent-height-scrolling\" style=\"background-color: rgba(255,255,255,0);background-position: center center;background-repeat: no-repeat;border-width: 0px 0px 0px 0px;border-color:#e2e2e2;border-style:solid;\" ><div class=\"fusion-builder-row fusion-row fusion-flex-align-items-stretch\" style=\"max-width:1248px;margin-left: calc(-4% \/ 2 );margin-right: calc(-4% \/ 2 );\"><div class=\"fusion-layout-column fusion_builder_column fusion-builder-column-2 fusion_builder_column_1_1 1_1 fusion-flex-column\"><div class=\"fusion-column-wrapper fusion-flex-justify-content-flex-start fusion-content-layout-column\" style=\"background-position:left top;background-repeat:no-repeat;-webkit-background-size:cover;-moz-background-size:cover;-o-background-size:cover;background-size:cover;padding: 40px 40px 40px 40px;\"><style type=\"text\/css\">@media only screen and (max-width:1024px) {.fusion-title.fusion-title-2{margin-top:10px!important; margin-right:0px!important;margin-bottom:15px!important;margin-left:0px!important;}}@media only screen and (max-width:640px) {.fusion-title.fusion-title-2{margin-top:10px!important; margin-right:0px!important;margin-bottom:10px!important; margin-left:0px!important;}}<\/style><div class=\"fusion-title title fusion-title-2 fusion-sep-none fusion-title-text fusion-title-size-one\" style=\"font-size:var(--awb-typography1-font-size);margin-top:10px;margin-right:0px;margin-bottom:15px;margin-left:0px;\"><h1 class=\"title-heading-left\" style=\"font-family:var(--awb-typography1-font-family);font-weight:var(--awb-typography1-font-weight);font-style:var(--awb-typography1-font-style);margin:0;font-size:1em;letter-spacing:var(--awb-typography1-letter-spacing);line-height:var(--awb-typography1-line-height);\">Wir unterst\u00fctzen und begleiten italienische Unternehmen, die beabsichtigen, in die europ\u00e4ischen, amerikanischen, asiatischen und afrikanischen M\u00e4rkte zu expandieren.<\/h1><\/div><\/div><style type=\"text\/css\">.fusion-body .fusion-builder-column-2{width:100% !important;margin-top : 0px;margin-bottom : 0px;}.fusion-builder-column-2 > .fusion-column-wrapper {padding-top : 40px !important;padding-right : 40px !important;margin-right : 0;padding-bottom : 40px !important;padding-left : 40px !important;margin-left : 0;}@media only screen and (max-width:1024px) {.fusion-body .fusion-builder-column-2{width:100% !important;order : 0;}.fusion-builder-column-2 > .fusion-column-wrapper {margin-right : 0;margin-left : 0;}}@media only screen and (max-width:640px) {.fusion-body .fusion-builder-column-2{width:100% !important;order : 0;}.fusion-builder-column-2 > .fusion-column-wrapper {margin-right : 1.92%;margin-left : 1.92%;}}<\/style><\/div><\/div><style type=\"text\/css\">.fusion-body .fusion-flex-container.fusion-builder-row-2{ padding-top : 0px;margin-top : 0px;padding-right : 0px;padding-bottom : 0px;margin-bottom : 0px;padding-left : 0px;}<\/style><\/div><div class=\"fusion-fullwidth fullwidth-box fusion-builder-row-3 fusion-flex-container nonhundred-percent-fullwidth non-hundred-percent-height-scrolling\" style=\"background-color: rgba(255,255,255,0);background-position: center center;background-repeat: no-repeat;border-width: 0px 0px 0px 0px;border-color:#e2e2e2;border-style:solid;\" ><div class=\"fusion-builder-row fusion-row fusion-flex-align-items-stretch\" style=\"max-width:1248px;margin-left: calc(-4% \/ 2 );margin-right: calc(-4% \/ 2 );\"><div class=\"fusion-layout-column fusion_builder_column fusion-builder-column-3 fusion_builder_column_1_1 1_1 fusion-flex-column\"><div class=\"fusion-column-wrapper fusion-flex-justify-content-flex-start fusion-content-layout-column\" style=\"background-position:left top;background-repeat:no-repeat;-webkit-background-size:cover;-moz-background-size:cover;-o-background-size:cover;background-size:cover;padding: 40px 40px 40px 40px;\"><style type=\"text\/css\">@media only screen and (max-width:1024px) {.fusion-title.fusion-title-3{margin-top:10px!important; margin-right:0px!important;margin-bottom:15px!important;margin-left:0px!important;}}@media only screen and (max-width:640px) {.fusion-title.fusion-title-3{margin-top:10px!important; margin-right:0px!important;margin-bottom:10px!important; margin-left:0px!important;}}<\/style><div class=\"fusion-title title fusion-title-3 fusion-sep-none fusion-title-text fusion-title-size-one\" style=\"font-size:var(--awb-typography1-font-size);margin-top:10px;margin-right:0px;margin-bottom:15px;margin-left:0px;\"><h1 class=\"title-heading-left\" style=\"font-family:var(--awb-typography1-font-family);font-weight:var(--awb-typography1-font-weight);font-style:var(--awb-typography1-font-style);margin:0;font-size:1em;letter-spacing:var(--awb-typography1-letter-spacing);line-height:var(--awb-typography1-line-height);\">Wir f\u00fchren Due-Diligence-Pr\u00fcfungen beim Kauf und Verkauf internationaler Unternehmen und\/oder Konzerne, Unternehmens\u00fcbertragungen, Unternehmensfusionen oder -spaltungen durch und gew\u00e4hrleisten dabei eine umfassende buchhalterische und steuerliche Unterst\u00fctzung.<\/h1><\/div><\/div><style type=\"text\/css\">.fusion-body .fusion-builder-column-3{width:100% !important;margin-top : 0px;margin-bottom : 0px;}.fusion-builder-column-3 > .fusion-column-wrapper {padding-top : 40px !important;padding-right : 40px !important;margin-right : 0;padding-bottom : 40px !important;padding-left : 40px !important;margin-left : 0;}@media only screen and (max-width:1024px) {.fusion-body .fusion-builder-column-3{width:100% !important;order : 0;}.fusion-builder-column-3 > .fusion-column-wrapper {margin-right : 0;margin-left : 0;}}@media only screen and (max-width:640px) {.fusion-body .fusion-builder-column-3{width:100% !important;order : 0;}.fusion-builder-column-3 > .fusion-column-wrapper {margin-right : 1.92%;margin-left : 1.92%;}}<\/style><\/div><\/div><style type=\"text\/css\">.fusion-body .fusion-flex-container.fusion-builder-row-3{ padding-top : 0px;margin-top : 0px;padding-right : 0px;padding-bottom : 0px;margin-bottom : 0px;padding-left : 0px;}<\/style><\/div><\/p>","protected":false},"excerpt":{"rendered":"","protected":false},"author":1,"featured_media":0,"parent":0,"menu_order":0,"comment_status":"closed","ping_status":"closed","template":"100-width.php","meta":{"_themeisle_gutenberg_block_has_review":false,"footnotes":""},"class_list":["post-17","page","type-page","status-publish","hentry"],"acf":[],"yoast_head":"<!-- This site is optimized with the Yoast SEO plugin v23.0 - https:\/\/yoast.com\/wordpress\/plugins\/seo\/ -->\n<title>Chi siamo - Pellizzer &amp; Partners<\/title>\n<meta name=\"robots\" content=\"index, follow, max-snippet:-1, max-image-preview:large, max-video-preview:-1\" \/>\n<link rel=\"canonical\" href=\"https:\/\/pellizzer-partners.com\/de\/wer-wir-sind\/\" \/>\n<meta property=\"og:locale\" content=\"de_DE\" \/>\n<meta property=\"og:type\" content=\"article\" \/>\n<meta property=\"og:title\" content=\"Chi siamo - Pellizzer &amp; Partners\" \/>\n<meta property=\"og:url\" content=\"https:\/\/pellizzer-partners.com\/de\/wer-wir-sind\/\" \/>\n<meta property=\"og:site_name\" content=\"Pellizzer &amp; Partners\" \/>\n<meta property=\"article:modified_time\" content=\"2024-07-09T12:21:21+00:00\" \/>\n<meta name=\"twitter:card\" content=\"summary_large_image\" \/>\n<meta name=\"twitter:label1\" content=\"Gesch\u00e4tzte Lesezeit\" \/>\n\t<meta name=\"twitter:data1\" content=\"8\u00a0Minuten\" \/>\n<script type=\"application\/ld+json\" class=\"yoast-schema-graph\">{\"@context\":\"https:\/\/schema.org\",\"@graph\":[{\"@type\":\"WebPage\",\"@id\":\"https:\/\/pellizzer-partners.com\/chi-siamo\/\",\"url\":\"https:\/\/pellizzer-partners.com\/chi-siamo\/\",\"name\":\"Chi siamo - Pellizzer &amp; Partners\",\"isPartOf\":{\"@id\":\"https:\/\/pellizzer-partners.com\/#website\"},\"datePublished\":\"2022-04-11T13:28:46+00:00\",\"dateModified\":\"2024-07-09T12:21:21+00:00\",\"breadcrumb\":{\"@id\":\"https:\/\/pellizzer-partners.com\/chi-siamo\/#breadcrumb\"},\"inLanguage\":\"de\",\"potentialAction\":[{\"@type\":\"ReadAction\",\"target\":[\"https:\/\/pellizzer-partners.com\/chi-siamo\/\"]}]},{\"@type\":\"BreadcrumbList\",\"@id\":\"https:\/\/pellizzer-partners.com\/chi-siamo\/#breadcrumb\",\"itemListElement\":[{\"@type\":\"ListItem\",\"position\":1,\"name\":\"Home\",\"item\":\"https:\/\/pellizzer-partners.com\/\"},{\"@type\":\"ListItem\",\"position\":2,\"name\":\"Chi siamo\"}]},{\"@type\":\"WebSite\",\"@id\":\"https:\/\/pellizzer-partners.com\/#website\",\"url\":\"https:\/\/pellizzer-partners.com\/\",\"name\":\"Pellizzer &amp; Partners\",\"description\":\"Pellizzer &amp; Partners\",\"publisher\":{\"@id\":\"https:\/\/pellizzer-partners.com\/#organization\"},\"potentialAction\":[{\"@type\":\"SearchAction\",\"target\":{\"@type\":\"EntryPoint\",\"urlTemplate\":\"https:\/\/pellizzer-partners.com\/?s={search_term_string}\"},\"query-input\":\"required name=search_term_string\"}],\"inLanguage\":\"de\"},{\"@type\":\"Organization\",\"@id\":\"https:\/\/pellizzer-partners.com\/#organization\",\"name\":\"Pellizzer & Partners\",\"url\":\"https:\/\/pellizzer-partners.com\/\",\"logo\":{\"@type\":\"ImageObject\",\"inLanguage\":\"de\",\"@id\":\"https:\/\/pellizzer-partners.com\/#\/schema\/logo\/image\/\",\"url\":\"https:\/\/pellizzer-partners.com\/wp-content\/uploads\/2022\/04\/logo_dark_custom_blue.svg\",\"contentUrl\":\"https:\/\/pellizzer-partners.com\/wp-content\/uploads\/2022\/04\/logo_dark_custom_blue.svg\",\"width\":100,\"height\":100,\"caption\":\"Pellizzer & Partners\"},\"image\":{\"@id\":\"https:\/\/pellizzer-partners.com\/#\/schema\/logo\/image\/\"}}]}<\/script>\n<!-- \/ Yoast SEO plugin. -->","yoast_head_json":{"title":"Chi siamo - Pellizzer &amp; Partners","robots":{"index":"index","follow":"follow","max-snippet":"max-snippet:-1","max-image-preview":"max-image-preview:large","max-video-preview":"max-video-preview:-1"},"canonical":"https:\/\/pellizzer-partners.com\/de\/wer-wir-sind\/","og_locale":"de_DE","og_type":"article","og_title":"Chi siamo - Pellizzer &amp; Partners","og_url":"https:\/\/pellizzer-partners.com\/de\/wer-wir-sind\/","og_site_name":"Pellizzer &amp; Partners","article_modified_time":"2024-07-09T12:21:21+00:00","twitter_card":"summary_large_image","twitter_misc":{"Gesch\u00e4tzte Lesezeit":"8\u00a0Minuten"},"schema":{"@context":"https:\/\/schema.org","@graph":[{"@type":"WebPage","@id":"https:\/\/pellizzer-partners.com\/chi-siamo\/","url":"https:\/\/pellizzer-partners.com\/chi-siamo\/","name":"Chi siamo - Pellizzer &amp; Partners","isPartOf":{"@id":"https:\/\/pellizzer-partners.com\/#website"},"datePublished":"2022-04-11T13:28:46+00:00","dateModified":"2024-07-09T12:21:21+00:00","breadcrumb":{"@id":"https:\/\/pellizzer-partners.com\/chi-siamo\/#breadcrumb"},"inLanguage":"de","potentialAction":[{"@type":"ReadAction","target":["https:\/\/pellizzer-partners.com\/chi-siamo\/"]}]},{"@type":"BreadcrumbList","@id":"https:\/\/pellizzer-partners.com\/chi-siamo\/#breadcrumb","itemListElement":[{"@type":"ListItem","position":1,"name":"Home","item":"https:\/\/pellizzer-partners.com\/"},{"@type":"ListItem","position":2,"name":"Chi siamo"}]},{"@type":"WebSite","@id":"https:\/\/pellizzer-partners.com\/#website","url":"https:\/\/pellizzer-partners.com\/","name":"Pellizzer &amp; Partners","description":"Pellizzer &amp; Partners","publisher":{"@id":"https:\/\/pellizzer-partners.com\/#organization"},"potentialAction":[{"@type":"SearchAction","target":{"@type":"EntryPoint","urlTemplate":"https:\/\/pellizzer-partners.com\/?s={search_term_string}"},"query-input":"required name=search_term_string"}],"inLanguage":"de"},{"@type":"Organization","@id":"https:\/\/pellizzer-partners.com\/#organization","name":"Pellizzer & Partners","url":"https:\/\/pellizzer-partners.com\/","logo":{"@type":"ImageObject","inLanguage":"de","@id":"https:\/\/pellizzer-partners.com\/#\/schema\/logo\/image\/","url":"https:\/\/pellizzer-partners.com\/wp-content\/uploads\/2022\/04\/logo_dark_custom_blue.svg","contentUrl":"https:\/\/pellizzer-partners.com\/wp-content\/uploads\/2022\/04\/logo_dark_custom_blue.svg","width":100,"height":100,"caption":"Pellizzer & Partners"},"image":{"@id":"https:\/\/pellizzer-partners.com\/#\/schema\/logo\/image\/"}}]}},"_links":{"self":[{"href":"https:\/\/pellizzer-partners.com\/de\/wp-json\/wp\/v2\/pages\/17","targetHints":{"allow":["GET"]}}],"collection":[{"href":"https:\/\/pellizzer-partners.com\/de\/wp-json\/wp\/v2\/pages"}],"about":[{"href":"https:\/\/pellizzer-partners.com\/de\/wp-json\/wp\/v2\/types\/page"}],"author":[{"embeddable":true,"href":"https:\/\/pellizzer-partners.com\/de\/wp-json\/wp\/v2\/users\/1"}],"replies":[{"embeddable":true,"href":"https:\/\/pellizzer-partners.com\/de\/wp-json\/wp\/v2\/comments?post=17"}],"version-history":[{"count":51,"href":"https:\/\/pellizzer-partners.com\/de\/wp-json\/wp\/v2\/pages\/17\/revisions"}],"predecessor-version":[{"id":1644,"href":"https:\/\/pellizzer-partners.com\/de\/wp-json\/wp\/v2\/pages\/17\/revisions\/1644"}],"wp:attachment":[{"href":"https:\/\/pellizzer-partners.com\/de\/wp-json\/wp\/v2\/media?parent=17"}],"curies":[{"name":"wp","href":"https:\/\/api.w.org\/{rel}","templated":true}]}}