{"id":594,"date":"2022-11-28T17:20:39","date_gmt":"2022-11-28T17:20:39","guid":{"rendered":"https:\/\/pellizzer-partners.com\/?page_id=594"},"modified":"2022-12-19T20:39:34","modified_gmt":"2022-12-19T20:39:34","slug":"lavora-con-noi","status":"publish","type":"page","link":"https:\/\/pellizzer-partners.com\/de\/arbeite-mit-uns\/","title":{"rendered":"Arbeite mit uns"},"content":{"rendered":"<div class=\"fusion-fullwidth fullwidth-box fusion-builder-row-1 fusion-flex-container nonhundred-percent-fullwidth non-hundred-percent-height-scrolling\" style=\"background-color: rgba(255,255,255,0);background-position: center center;background-repeat: no-repeat;border-width: 0px 0px 0px 0px;border-color:#e2e2e2;border-style:solid;\" ><div class=\"fusion-builder-row fusion-row fusion-flex-align-items-flex-start\" style=\"max-width:1248px;margin-left: calc(-4% \/ 2 );margin-right: calc(-4% \/ 2 );\"><div class=\"fusion-layout-column fusion_builder_column fusion-builder-column-0 fusion_builder_column_1_2 1_2 fusion-flex-column\"><div class=\"fusion-column-wrapper fusion-flex-justify-content-flex-start fusion-content-layout-column\" style=\"background-position:left top;background-repeat:no-repeat;-webkit-background-size:cover;-moz-background-size:cover;-o-background-size:cover;background-size:cover;border-radius:20px 20px 20px 20px;background-color:#ffffff;border-radius:20px 20px 20px 20px;overflow:hidden;padding: 0px 0px 0px 0px;\"><style>.fusion-form-form-wrapper .fusion-form-681 .fusion-form-tooltip .fusion-form-tooltip-content{color:#ffffff !important;background-color:#333333 !important;border-color:#333333 !important;}<\/style><div class=\"fusion-form fusion-form-builder fusion-form-form-wrapper fusion-form-681\" data-form-id=\"681\" data-config=\"{&quot;form_id&quot;:&quot;681&quot;,&quot;form_post_id&quot;:&quot;681&quot;,&quot;post_id&quot;:594,&quot;form_type&quot;:&quot;ajax&quot;,&quot;confirmation_type&quot;:&quot;message&quot;,&quot;redirect_url&quot;:&quot;&quot;,&quot;field_labels&quot;:{&quot;nome&quot;:&quot;Nome&quot;,&quot;email&quot;:&quot;Email&quot;,&quot;cognome&quot;:&quot;Cognome&quot;,&quot;telefono&quot;:&quot;Telefono&quot;,&quot;messaggio&quot;:&quot;Messaggio&quot;,&quot;curriculum&quot;:&quot;Carica il tuo CV&quot;,&quot;privacy&quot;:&quot;&quot;},&quot;field_logics&quot;:{&quot;nome&quot;:&quot;&quot;,&quot;email&quot;:&quot;&quot;,&quot;cognome&quot;:&quot;&quot;,&quot;telefono&quot;:&quot;&quot;,&quot;messaggio&quot;:&quot;&quot;,&quot;curriculum&quot;:&quot;&quot;,&quot;privacy&quot;:&quot;&quot;},&quot;nonce_method&quot;:&quot;ajax&quot;}\"><form action=\"https:\/\/pellizzer-partners.com\/de\/arbeite-mit-uns\/\" method=\"post\" class=\"fusion-form fusion-form-681\" enctype=\"multipart\/form-data\" data-trp-original-action=\"https:\/\/pellizzer-partners.com\/de\/arbeite-mit-uns\/\"><div class=\"fusion-fullwidth fullwidth-box fusion-builder-row-1-1 fusion-flex-container nonhundred-percent-fullwidth non-hundred-percent-height-scrolling\" style=\"background-color: rgba(255,255,255,0);background-position: center center;background-repeat: no-repeat;border-width: 0px 0px 0px 0px;border-color:#e2e2e2;border-style:solid;\" ><div class=\"fusion-builder-row fusion-row fusion-flex-align-items-flex-start\" style=\"width:104% !important;max-width:104% !important;margin-left: calc(-4% \/ 2 );margin-right: calc(-4% \/ 2 );\"><div class=\"fusion-layout-column fusion_builder_column fusion-builder-column-1 fusion_builder_column_1_2 1_2 fusion-flex-column\"><div class=\"fusion-column-wrapper fusion-flex-justify-content-flex-start fusion-content-layout-column\" style=\"background-position:left top;background-repeat:no-repeat;-webkit-background-size:cover;-moz-background-size:cover;-o-background-size:cover;background-size:cover;padding: 0px 0px 0px 0px;\"><div class=\"fusion-form-field fusion-form-text-field fusion-form-label-above\" data-form-id=\"681\"><div class=\"fusion-form-label-wrapper\"><label for=\"nome\">Vorname <abbr class=\"fusion-form-element-required\" title=\"erforderlich\">*<\/abbr><\/label><\/div><input type=\"text\" name=\"nome\" id=\"nome\" value=\"\"  class=\"fusion-form-input\" required=\"true\" aria-required=\"true\" data-holds-private-data=\"false\" minlength=\"0\"\/><\/div><div class=\"fusion-form-field fusion-form-email-field fusion-form-label-above\" data-form-id=\"681\"><div class=\"fusion-form-label-wrapper\"><label for=\"email\">Email <abbr class=\"fusion-form-element-required\" title=\"erforderlich\">*<\/abbr><\/label><\/div><input type=\"email\" name=\"email\" id=\"email\" value=\"\"  class=\"fusion-form-input\" required=\"true\" aria-required=\"true\" data-holds-private-data=\"false\"\/><\/div><\/div><style type=\"text\/css\">.fusion-body .fusion-builder-column-1{width:50% !important;margin-top : 0px;margin-bottom : 20px;}.fusion-builder-column-1 > .fusion-column-wrapper {padding-top : 0px !important;padding-right : 0px !important;margin-right : 3.84%;padding-bottom : 0px !important;padding-left : 0px !important;margin-left : 3.84%;}@media only screen and (max-width:1024px) {.fusion-body .fusion-builder-column-1{width:50% !important;order : 0;}.fusion-builder-column-1 > .fusion-column-wrapper {margin-right : 3.84%;margin-left : 3.84%;}}@media only screen and (max-width:640px) {.fusion-body .fusion-builder-column-1{width:100% !important;order : 0;}.fusion-builder-column-1 > .fusion-column-wrapper {margin-right : 1.92%;margin-left : 1.92%;}}<\/style><\/div><div class=\"fusion-layout-column fusion_builder_column fusion-builder-column-2 fusion_builder_column_1_2 1_2 fusion-flex-column\"><div class=\"fusion-column-wrapper fusion-flex-justify-content-flex-start fusion-content-layout-column\" style=\"background-position:left top;background-repeat:no-repeat;-webkit-background-size:cover;-moz-background-size:cover;-o-background-size:cover;background-size:cover;padding: 0px 0px 0px 0px;\"><div class=\"fusion-form-field fusion-form-text-field fusion-form-label-above\" data-form-id=\"681\"><div class=\"fusion-form-label-wrapper\"><label for=\"cognome\">Nachname <abbr class=\"fusion-form-element-required\" title=\"erforderlich\">*<\/abbr><\/label><\/div><input type=\"text\" name=\"cognome\" id=\"cognome\" value=\"\"  class=\"fusion-form-input\" required=\"true\" aria-required=\"true\" data-holds-private-data=\"false\" minlength=\"0\"\/><\/div><div class=\"fusion-form-field fusion-form-phone-number-field fusion-form-label-above\" data-form-id=\"681\"><div class=\"fusion-form-label-wrapper\"><label for=\"telefono\">Telefon <abbr class=\"fusion-form-element-required\" title=\"erforderlich\">*<\/abbr><\/label><\/div><div class=\"fusion-form-input-with-icon\"><i class=\"fa-phone-square-alt fas\"><\/i><input type=\"phone-number\" name=\"telefono\" id=\"telefono\" value=\"\"  class=\"fusion-form-input\" required=\"true\" aria-required=\"true\" data-holds-private-data=\"false\" pattern=\"[0-9()#&+*-=.]+\" title=\"Es werden nur Zahlen und Telefonzeichen akzeptiert.\"\/><\/div><\/div><\/div><style type=\"text\/css\">.fusion-body .fusion-builder-column-2{width:50% !important;margin-top : 0px;margin-bottom : 20px;}.fusion-builder-column-2 > .fusion-column-wrapper {padding-top : 0px !important;padding-right : 0px !important;margin-right : 3.84%;padding-bottom : 0px !important;padding-left : 0px !important;margin-left : 3.84%;}@media only screen and (max-width:1024px) {.fusion-body .fusion-builder-column-2{width:50% !important;order : 0;}.fusion-builder-column-2 > .fusion-column-wrapper {margin-right : 3.84%;margin-left : 3.84%;}}@media only screen and (max-width:640px) {.fusion-body .fusion-builder-column-2{width:100% !important;order : 0;}.fusion-builder-column-2 > .fusion-column-wrapper {margin-right : 1.92%;margin-left : 1.92%;}}<\/style><\/div><div class=\"fusion-layout-column fusion_builder_column fusion-builder-column-3 fusion_builder_column_1_1 1_1 fusion-flex-column\"><div class=\"fusion-column-wrapper fusion-flex-justify-content-flex-start fusion-content-layout-column\" style=\"background-position:left top;background-repeat:no-repeat;-webkit-background-size:cover;-moz-background-size:cover;-o-background-size:cover;background-size:cover;padding: 0px 0px 0px 0px;\"><div class=\"fusion-form-field fusion-form-textarea-field fusion-form-label-above\" data-form-id=\"681\"><label for=\"messaggio\">Nachricht <abbr class=\"fusion-form-element-required\" title=\"erforderlich\">*<\/abbr><\/label><textarea cols=\"40\"  minlength=\"0\"  rows=\"4\" tabindex=\"\" id=\"messaggio\" name=\"messaggio\" class=\"fusion-form-input\" required=\"true\" aria-required=\"true\" data-holds-private-data=\"false\"><\/textarea><\/div><div class=\"fusion-form-field fusion-form-upload-field fusion-form-label-above\" data-form-id=\"681\"><label for=\"curriculum\">Laden Sie Ihren Lebenslauf hoch <abbr class=\"fusion-form-element-required\" title=\"erforderlich\">*<\/abbr><\/label><div class=\"fusion-form-input-with-icon\"><i class=\"fa-upload fas\"><\/i><div class=\"fusion-form-upload-field-container\"><input type=\"file\" id=\"curriculum\" name=\"curriculum\" value=\"\"  class=\"fusion-form-input\" required=\"true\" aria-required=\"true\" placeholder=\"Datei hochladen*\" data-size=\"2\"\/><input type=\"text\" disabled value=\"\" class=\"fusion-form-upload-field\"  required=\"true\" aria-required=\"true\" placeholder=\"Datei hochladen*\" data-holds-private-data=\"false\"\/><div ><style>.fusion-body .fusion-button.button-1{border-radius:0px 0px 0px 0px;}<\/style><a class=\"fusion-button button-flat button-medium button-default button-1 fusion-button-default-span fusion-button-default-type fusion-form-upload-field-button\" target=\"_self\" href=\"javascript:void();\"><span class=\"fusion-button-text\">W\u00e4hlen Sie Datei<\/span><\/a><\/div><\/div><\/div><\/div><div class=\"fusion-form-field fusion-form-checkbox-field fusion-form-label-above\" data-form-id=\"681\"><fieldset><div class=\"fusion-form-checkbox\"><input tabindex=\"\" id=\"checkbox-privacy-1-0\" type=\"checkbox\" value=\"1\" name=\"privacy[]\" class=\"fusion-form-input\" data-holds-private-data=\"false\"\/><label for=\"checkbox-privacy-1-0\">Ich best\u00e4tige, dass ich die gelesen und akzeptiert habe <a style=\"text-decoration:underline\" href=\"https:\/\/pellizzer-partners.com\/de\/datenschutz-bestimmungen\/\">Datenschutz-Bestimmungen<\/a><\/label><\/div><\/fieldset><\/div><div class=\"fusion-form-field fusion-form-submit-field fusion-form-label-above\" data-form-id=\"681\"><div ><style>.fusion-body .fusion-button.button-2{border-radius:4px 4px 4px 4px;}<\/style><button type=\"submit\" class=\"fusion-button button-flat fusion-button-default-size button-default button-2 fusion-button-default-span  form-form-submit button-default\" data-form-number=\"681\" tabindex=\"\"><span class=\"fusion-button-text\">SCHICKEN SIE IHRE BEWERBUNG<\/span><\/button><\/div><\/div><div class=\"form-submission-notices\" id=\"fusion-notices-1\"><div class=\"fusion-alert alert success alert-success fusion-alert-center fusion-form-response fusion-form-response-success alert-dismissable\" role=\"alert\" style=\"background-color:rgba(18,184,120,0.1);color:#12b878;border-color:#12b878;border-width:1px;\"><div class=\"fusion-alert-content-wrapper\"><span class=\"alert-icon\"><i class=\"awb-icon-check-circle\" aria-hidden=\"true\"><\/i><\/span><span class=\"fusion-alert-content\">Vielen Dank! Ihre Nachricht wurde gesendet<\/span><\/div><button type=\"button\" class=\"close toggle-alert\" data-dismiss=\"alert\" aria-label=\"Schlie\u00dfen\">\u00d7<\/button><\/div><div class=\"fusion-alert alert error alert-danger fusion-alert-center fusion-form-response fusion-form-response-error alert-dismissable\" role=\"alert\" style=\"background-color:rgba(219,75,104,0.1);color:#db4b68;border-color:#db4b68;border-width:1px;\"><div class=\"fusion-alert-content-wrapper\"><span class=\"alert-icon\"><i class=\"awb-icon-exclamation-triangle\" aria-hidden=\"true\"><\/i><\/span><span class=\"fusion-alert-content\">Problem beim Senden der Nachricht. Versuchen Sie es nochmal<\/span><\/div><button type=\"button\" class=\"close toggle-alert\" data-dismiss=\"alert\" aria-label=\"Schlie\u00dfen\">\u00d7<\/button><\/div><\/div><\/div><style type=\"text\/css\">.fusion-body .fusion-builder-column-3{width:100% !important;margin-top : 0px;margin-bottom : 20px;}.fusion-builder-column-3 > .fusion-column-wrapper {padding-top : 0px !important;padding-right : 0px !important;margin-right : 1.92%;padding-bottom : 0px !important;padding-left : 0px !important;margin-left : 1.92%;}@media only screen and (max-width:1024px) {.fusion-body .fusion-builder-column-3{width:100% !important;order : 0;}.fusion-builder-column-3 > .fusion-column-wrapper {margin-right : 1.92%;margin-left : 1.92%;}}@media only screen and (max-width:640px) {.fusion-body .fusion-builder-column-3{width:100% !important;order : 0;}.fusion-builder-column-3 > .fusion-column-wrapper {margin-right : 1.92%;margin-left : 1.92%;}}<\/style><\/div><\/div><style type=\"text\/css\">.fusion-body .fusion-flex-container.fusion-builder-row-1-1{ padding-top : 0px;margin-top : 0px;padding-right : 0px;padding-bottom : 0px;margin-bottom : 0px;padding-left : 0px;}<\/style><\/div><input type=\"hidden\" name=\"fusion_privacy_store_ip_ua\" value=\"false\"><input type=\"hidden\" name=\"fusion_privacy_expiration_interval\" value=\"48\"><input type=\"hidden\" name=\"privacy_expiration_action\" value=\"anonymize\"><input type=\"hidden\" name=\"trp-form-language\" value=\"de\"\/><\/form><\/div><\/div><style type=\"text\/css\">.fusion-body .fusion-builder-column-0{width:50% !important;margin-top : -120p;margin-bottom : 20px;}.fusion-builder-column-0 > .fusion-column-wrapper {padding-top : 0px !important;padding-right : 0px !important;margin-right : 3.84%;padding-bottom : 0px !important;padding-left : 0px !important;margin-left : 3.84%;}@media only screen and (max-width:1024px) {.fusion-body .fusion-builder-column-0{width:50% !important;order : 0;}.fusion-builder-column-0 > .fusion-column-wrapper {margin-right : 3.84%;margin-left : 3.84%;}}@media only screen and (max-width:640px) {.fusion-body .fusion-builder-column-0{width:100% !important;order : 0;}.fusion-builder-column-0 > .fusion-column-wrapper {margin-right : 1.92%;margin-left : 1.92%;}}<\/style><\/div><div class=\"fusion-layout-column fusion_builder_column fusion-builder-column-4 fusion_builder_column_1_2 1_2 fusion-flex-column\"><div class=\"fusion-column-wrapper fusion-flex-justify-content-flex-start fusion-content-layout-column\" style=\"background-position:left top;background-repeat:no-repeat;-webkit-background-size:cover;-moz-background-size:cover;-o-background-size:cover;background-size:cover;padding: 0px 0px 0px 0px;\"><style type=\"text\/css\">@media only screen and (max-width:1024px) {.fusion-title.fusion-title-1{margin-top:10px!important; margin-right:0px!important;margin-bottom:15px!important;margin-left:0px!important;}}@media only screen and (max-width:640px) {.fusion-title.fusion-title-1{margin-top:10px!important; margin-right:0px!important;margin-bottom:10px!important; margin-left:0px!important;}}<\/style><div class=\"fusion-title title fusion-title-1 fusion-sep-none fusion-title-text fusion-title-size-one\" style=\"margin-top:10px;margin-right:0px;margin-bottom:15px;margin-left:0px;\"><h1 class=\"title-heading-left\" style=\"margin:0;\">Arbeite mit uns<\/h1><\/div><div class=\"fusion-text fusion-text-1\"><p class=\"p1\">Wir halten Teamarbeit f\u00fcr unerl\u00e4sslich, um unseren Kunden eine umfassende Betreuung garantieren zu k\u00f6nnen. Zusammenarbeit ist einer der Mehrwerte, an die wir glauben. F\u00fcllen Sie das untenstehende Formular aus und senden Sie uns Ihre Bewerbung.<\/p>\n<\/div><\/div><style type=\"text\/css\">.fusion-body .fusion-builder-column-4{width:50% !important;margin-top : 0px;margin-bottom : 20px;}.fusion-builder-column-4 > .fusion-column-wrapper {padding-top : 0px !important;padding-right : 0px !important;margin-right : 3.84%;padding-bottom : 0px !important;padding-left : 0px !important;margin-left : 3.84%;}@media only screen and (max-width:1024px) {.fusion-body .fusion-builder-column-4{width:50% !important;order : 0;}.fusion-builder-column-4 > .fusion-column-wrapper {margin-right : 3.84%;margin-left : 3.84%;}}@media only screen and (max-width:640px) {.fusion-body .fusion-builder-column-4{width:100% !important;order : 0;}.fusion-builder-column-4 > .fusion-column-wrapper {margin-right : 1.92%;margin-left : 1.92%;}}<\/style><\/div><\/div><style type=\"text\/css\">.fusion-body .fusion-flex-container.fusion-builder-row-1{ padding-top : 0px;margin-top : 0px;padding-right : 0px;padding-bottom : 0px;margin-bottom : 0px;padding-left : 0px;}<\/style><\/div>","protected":false},"excerpt":{"rendered":"","protected":false},"author":1,"featured_media":0,"parent":0,"menu_order":0,"comment_status":"closed","ping_status":"closed","template":"","meta":{"_themeisle_gutenberg_block_has_review":false,"footnotes":""},"class_list":["post-594","page","type-page","status-publish","hentry"],"acf":[],"yoast_head":"<!-- This site is optimized with the Yoast SEO plugin v23.0 - https:\/\/yoast.com\/wordpress\/plugins\/seo\/ -->\n<title>Lavora con noi - Pellizzer &amp; Partners<\/title>\n<meta name=\"robots\" content=\"index, follow, max-snippet:-1, max-image-preview:large, max-video-preview:-1\" \/>\n<link rel=\"canonical\" href=\"https:\/\/pellizzer.asoloweb.it\/lavora-con-noi\/\" \/>\n<meta property=\"og:locale\" content=\"de_DE\" \/>\n<meta property=\"og:type\" content=\"article\" \/>\n<meta property=\"og:title\" content=\"Lavora con noi - Pellizzer &amp; Partners\" \/>\n<meta property=\"og:url\" content=\"https:\/\/pellizzer.asoloweb.it\/lavora-con-noi\/\" \/>\n<meta property=\"og:site_name\" content=\"Pellizzer &amp; Partners\" \/>\n<meta property=\"article:modified_time\" content=\"2022-12-19T20:39:34+00:00\" \/>\n<meta name=\"twitter:card\" content=\"summary_large_image\" \/>\n<meta name=\"twitter:label1\" content=\"Gesch\u00e4tzte Lesezeit\" \/>\n\t<meta name=\"twitter:data1\" content=\"3\u00a0Minuten\" \/>\n<script type=\"application\/ld+json\" class=\"yoast-schema-graph\">{\"@context\":\"https:\/\/schema.org\",\"@graph\":[{\"@type\":\"WebPage\",\"@id\":\"https:\/\/pellizzer.asoloweb.it\/lavora-con-noi\/\",\"url\":\"https:\/\/pellizzer.asoloweb.it\/lavora-con-noi\/\",\"name\":\"Lavora con noi - Pellizzer &amp; Partners\",\"isPartOf\":{\"@id\":\"https:\/\/pellizzer-partners.com\/#website\"},\"datePublished\":\"2022-11-28T17:20:39+00:00\",\"dateModified\":\"2022-12-19T20:39:34+00:00\",\"breadcrumb\":{\"@id\":\"https:\/\/pellizzer.asoloweb.it\/lavora-con-noi\/#breadcrumb\"},\"inLanguage\":\"de\",\"potentialAction\":[{\"@type\":\"ReadAction\",\"target\":[\"https:\/\/pellizzer.asoloweb.it\/lavora-con-noi\/\"]}]},{\"@type\":\"BreadcrumbList\",\"@id\":\"https:\/\/pellizzer.asoloweb.it\/lavora-con-noi\/#breadcrumb\",\"itemListElement\":[{\"@type\":\"ListItem\",\"position\":1,\"name\":\"Home\",\"item\":\"https:\/\/pellizzer-partners.com\/\"},{\"@type\":\"ListItem\",\"position\":2,\"name\":\"Lavora con noi\"}]},{\"@type\":\"WebSite\",\"@id\":\"https:\/\/pellizzer-partners.com\/#website\",\"url\":\"https:\/\/pellizzer-partners.com\/\",\"name\":\"Pellizzer &amp; Partners\",\"description\":\"Pellizzer &amp; Partners\",\"publisher\":{\"@id\":\"https:\/\/pellizzer-partners.com\/#organization\"},\"potentialAction\":[{\"@type\":\"SearchAction\",\"target\":{\"@type\":\"EntryPoint\",\"urlTemplate\":\"https:\/\/pellizzer-partners.com\/?s={search_term_string}\"},\"query-input\":\"required name=search_term_string\"}],\"inLanguage\":\"de\"},{\"@type\":\"Organization\",\"@id\":\"https:\/\/pellizzer-partners.com\/#organization\",\"name\":\"Pellizzer & Partners\",\"url\":\"https:\/\/pellizzer-partners.com\/\",\"logo\":{\"@type\":\"ImageObject\",\"inLanguage\":\"de\",\"@id\":\"https:\/\/pellizzer-partners.com\/#\/schema\/logo\/image\/\",\"url\":\"https:\/\/pellizzer-partners.com\/wp-content\/uploads\/2022\/04\/logo_dark_custom_blue.svg\",\"contentUrl\":\"https:\/\/pellizzer-partners.com\/wp-content\/uploads\/2022\/04\/logo_dark_custom_blue.svg\",\"width\":100,\"height\":100,\"caption\":\"Pellizzer & Partners\"},\"image\":{\"@id\":\"https:\/\/pellizzer-partners.com\/#\/schema\/logo\/image\/\"}}]}<\/script>\n<!-- \/ Yoast SEO plugin. -->","yoast_head_json":{"title":"Lavora con noi - Pellizzer &amp; Partners","robots":{"index":"index","follow":"follow","max-snippet":"max-snippet:-1","max-image-preview":"max-image-preview:large","max-video-preview":"max-video-preview:-1"},"canonical":"https:\/\/pellizzer.asoloweb.it\/lavora-con-noi\/","og_locale":"de_DE","og_type":"article","og_title":"Lavora con noi - Pellizzer &amp; Partners","og_url":"https:\/\/pellizzer.asoloweb.it\/lavora-con-noi\/","og_site_name":"Pellizzer &amp; Partners","article_modified_time":"2022-12-19T20:39:34+00:00","twitter_card":"summary_large_image","twitter_misc":{"Gesch\u00e4tzte Lesezeit":"3\u00a0Minuten"},"schema":{"@context":"https:\/\/schema.org","@graph":[{"@type":"WebPage","@id":"https:\/\/pellizzer.asoloweb.it\/lavora-con-noi\/","url":"https:\/\/pellizzer.asoloweb.it\/lavora-con-noi\/","name":"Lavora con noi - Pellizzer &amp; Partners","isPartOf":{"@id":"https:\/\/pellizzer-partners.com\/#website"},"datePublished":"2022-11-28T17:20:39+00:00","dateModified":"2022-12-19T20:39:34+00:00","breadcrumb":{"@id":"https:\/\/pellizzer.asoloweb.it\/lavora-con-noi\/#breadcrumb"},"inLanguage":"de","potentialAction":[{"@type":"ReadAction","target":["https:\/\/pellizzer.asoloweb.it\/lavora-con-noi\/"]}]},{"@type":"BreadcrumbList","@id":"https:\/\/pellizzer.asoloweb.it\/lavora-con-noi\/#breadcrumb","itemListElement":[{"@type":"ListItem","position":1,"name":"Home","item":"https:\/\/pellizzer-partners.com\/"},{"@type":"ListItem","position":2,"name":"Lavora con noi"}]},{"@type":"WebSite","@id":"https:\/\/pellizzer-partners.com\/#website","url":"https:\/\/pellizzer-partners.com\/","name":"Pellizzer &amp; Partners","description":"Pellizzer &amp; Partners","publisher":{"@id":"https:\/\/pellizzer-partners.com\/#organization"},"potentialAction":[{"@type":"SearchAction","target":{"@type":"EntryPoint","urlTemplate":"https:\/\/pellizzer-partners.com\/?s={search_term_string}"},"query-input":"required name=search_term_string"}],"inLanguage":"de"},{"@type":"Organization","@id":"https:\/\/pellizzer-partners.com\/#organization","name":"Pellizzer & Partners","url":"https:\/\/pellizzer-partners.com\/","logo":{"@type":"ImageObject","inLanguage":"de","@id":"https:\/\/pellizzer-partners.com\/#\/schema\/logo\/image\/","url":"https:\/\/pellizzer-partners.com\/wp-content\/uploads\/2022\/04\/logo_dark_custom_blue.svg","contentUrl":"https:\/\/pellizzer-partners.com\/wp-content\/uploads\/2022\/04\/logo_dark_custom_blue.svg","width":100,"height":100,"caption":"Pellizzer & Partners"},"image":{"@id":"https:\/\/pellizzer-partners.com\/#\/schema\/logo\/image\/"}}]}},"_links":{"self":[{"href":"https:\/\/pellizzer-partners.com\/de\/wp-json\/wp\/v2\/pages\/594","targetHints":{"allow":["GET"]}}],"collection":[{"href":"https:\/\/pellizzer-partners.com\/de\/wp-json\/wp\/v2\/pages"}],"about":[{"href":"https:\/\/pellizzer-partners.com\/de\/wp-json\/wp\/v2\/types\/page"}],"author":[{"embeddable":true,"href":"https:\/\/pellizzer-partners.com\/de\/wp-json\/wp\/v2\/users\/1"}],"replies":[{"embeddable":true,"href":"https:\/\/pellizzer-partners.com\/de\/wp-json\/wp\/v2\/comments?post=594"}],"version-history":[{"count":5,"href":"https:\/\/pellizzer-partners.com\/de\/wp-json\/wp\/v2\/pages\/594\/revisions"}],"predecessor-version":[{"id":705,"href":"https:\/\/pellizzer-partners.com\/de\/wp-json\/wp\/v2\/pages\/594\/revisions\/705"}],"wp:attachment":[{"href":"https:\/\/pellizzer-partners.com\/de\/wp-json\/wp\/v2\/media?parent=594"}],"curies":[{"name":"wp","href":"https:\/\/api.w.org\/{rel}","templated":true}]}}